{"id":10996,"date":"2021-10-07T22:40:55","date_gmt":"2021-10-08T03:40:55","guid":{"rendered":"http:\/\/elancapital.us\/es\/?page_id=10996"},"modified":"2022-06-14T20:04:41","modified_gmt":"2022-06-15T01:04:41","slug":"john-edward-duarte","status":"publish","type":"page","link":"https:\/\/elancapital.us\/es\/john-edward-duarte\/","title":{"rendered":"John Edward Duarte"},"content":{"rendered":"<p>[vc_row][vc_column css=&#8221;.vc_custom_1640804078307{padding-top: 80px !important;padding-bottom: 170px !important;padding-left: 70px !important;background: #f1f0f0 url(https:\/\/slimtemplate.net\/adamas-usa-import\/wp-content\/uploads\/sites\/3\/2017\/01\/Back-01-USA.png?id=10188) !important;background-position: center !important;background-repeat: no-repeat !important;background-size: cover !important;}&#8221; offset=&#8221;vc_col-lg-12 vc_hidden-xs&#8221;]<div id=\"ultimate-heading-838869fb1fa47fb93\" class=\"uvc-heading ult-adjust-bottom-margin ultimate-heading-838869fb1fa47fb93 uvc-5661  enable-elem side h1\" data-hspacer=\"no_spacer\"  data-halign=\"left\" style=\"text-align:left;\"><div class=\"st-uvc-heading-bg-overlay\"  style=\"background:#232436;\"><\/div><i class=\"st-h-before\"><i><\/i><\/i><div class=\"uvc-heading-spacer no_spacer\" style=\"top\"><\/div><div class=\"uvc-main-heading ult-responsive\"  data-ultimate-target='.uvc-heading.ultimate-heading-838869fb1fa47fb93 h1'  data-responsive-json-new='{\"font-size\":\"desktop:50px;\",\"line-height\":\"\"}' ><h1 style=\"font-weight:bold;color:#ffffff;\">JOHN EDWARD DUARTE<\/h1><\/div><\/div>[vc_empty_space height=&#8221;20px&#8221;][vc_single_image image=&#8221;11555&#8243; img_size=&#8221;full&#8221; alignment=&#8221;center&#8221;][vc_empty_space height=&#8221;20px&#8221;][vc_custom_heading text=&#8221;<b>Director de Operaciones de Elan Capital<\/b>&#8221; font_container=&#8221;tag:h3|font_size:26|text_align:center&#8221; use_theme_fonts=&#8221;yes&#8221; custom_heading_enable_elem=&#8221;yes&#8221;][vc_column_text css=&#8221;.vc_custom_1633664450964{padding-top: 50px !important;padding-right: 50px !important;padding-bottom: 50px !important;padding-left: 50px !important;}&#8221;]<\/p>\n<p style=\"text-align: center;\">Desde muy temprana edad, John Edward se dedic\u00f3 al emprendimiento, fundando m\u00faltiples empresas exitosas en Colombia.<\/p>\n<p style=\"text-align: center;\">A pesar de graduarse con la tesis honor\u00edfica con un t\u00edtulo de Ingeniero Qu\u00edmico, John Edward decidi\u00f3 continuar su pasi\u00f3n en la industria del entretenimiento, fundando clubes nocturnos altamente exitosos y convirti\u00e9ndose en Gerente General y Operador de Conciertos en giras nacionales y latinoamericanas de artistas de gran reputaci\u00f3n.<\/p>\n<p style=\"text-align: center;\">En 2013, John Edward incursion\u00f3 en el sector inmobiliario creando y dirigiendo P &amp; P International Real Estate, que se ha dedicado a adquirir y retener inmuebles de lujo en Bogot\u00e1 y Cartagena, Colombia.<\/p>\n<p style=\"text-align: center;\">Adem\u00e1s de su esp\u00edritu empresarial y su pasi\u00f3n por la finca ra\u00edz, John Edward disfruta la realizaci\u00f3n de seminarios y talleres de capacitaci\u00f3n financiera para inversionistas novatos en Colombia.<\/p>\n<p>[\/vc_column_text][\/vc_column][\/vc_row][vc_row][vc_column css=&#8221;.vc_custom_1635364068806{padding-top: 30px !important;padding-right: 10px !important;padding-bottom: 30px !important;padding-left: 10px !important;background: #f1f0f0 url(https:\/\/slimtemplate.net\/adamas-usa-import\/wp-content\/uploads\/sites\/3\/2017\/01\/Back-01-USA.png?id=10188) !important;background-position: center !important;background-repeat: no-repeat !important;background-size: cover !important;}&#8221; offset=&#8221;vc_col-lg-12 vc_hidden-lg vc_hidden-md vc_hidden-sm&#8221;]<div id=\"ultimate-heading-486369fb1fa47fc12\" class=\"uvc-heading ult-adjust-bottom-margin ultimate-heading-486369fb1fa47fc12 uvc-9649  enable-elem side h1\" data-hspacer=\"no_spacer\"  data-halign=\"left\" style=\"text-align:left;\"><div class=\"st-uvc-heading-bg-overlay\"  style=\"background:#232436;\"><\/div><i class=\"st-h-before\"><i><\/i><\/i><div class=\"uvc-heading-spacer no_spacer\" style=\"top\"><\/div><div class=\"uvc-main-heading ult-responsive\"  data-ultimate-target='.uvc-heading.ultimate-heading-486369fb1fa47fc12 h1'  data-responsive-json-new='{\"font-size\":\"desktop:26px;\",\"line-height\":\"\"}' ><h1 style=\"font-weight:bold;color:#ffffff;\">JOHN EDWARD DUARTE<\/h1><\/div><\/div>[vc_empty_space height=&#8221;20px&#8221;][vc_single_image image=&#8221;11555&#8243; img_size=&#8221;full&#8221; alignment=&#8221;center&#8221;][vc_empty_space height=&#8221;20px&#8221;][vc_custom_heading text=&#8221;<b>Gerente de Operaciones de Elan Capital<\/b>&#8221; font_container=&#8221;tag:h3|font_size:26|text_align:center&#8221; use_theme_fonts=&#8221;yes&#8221; custom_heading_enable_elem=&#8221;yes&#8221;][vc_column_text css=&#8221;.vc_custom_1635364095926{padding-top: 30px !important;padding-right: 10px !important;padding-bottom: 50px !important;padding-left: 10px !important;}&#8221;]<\/p>\n<p style=\"text-align: left;\">Desde muy temprana edad, John Edward se dedic\u00f3 al emprendimiento, fundando m\u00faltiples empresas exitosas en Colombia.<\/p>\n<p style=\"text-align: left;\">A pesar de graduarse con la tesis honor\u00edfica con un t\u00edtulo de Ingeniero Qu\u00edmico, John Edward decidi\u00f3 continuar su pasi\u00f3n en la industria del entretenimiento, fundando clubes nocturnos altamente exitosos y convirti\u00e9ndose en Gerente General y Operador de Conciertos en giras nacionales y latinoamericanas de artistas de gran reputaci\u00f3n.<\/p>\n<p style=\"text-align: left;\">En 2013, John Edward incursion\u00f3 en el sector inmobiliario creando y dirigiendo P &amp; P International Real Estate, que se ha dedicado a adquirir y retener inmuebles de lujo en Bogot\u00e1 y Cartagena, Colombia.<\/p>\n<p style=\"text-align: left;\">Adem\u00e1s de su esp\u00edritu empresarial y su pasi\u00f3n por la finca ra\u00edz, John Edward disfruta la realizaci\u00f3n de seminarios y talleres de capacitaci\u00f3n financiera para inversionistas novatos en Colombia.<\/p>\n<p>[\/vc_column_text][\/vc_column][\/vc_row]<\/p>\n","protected":false},"excerpt":{"rendered":"<p>[vc_row][vc_column css=&#8221;.vc_custom_1640804078307{padding-top: 80px !important;padding-bottom: 170px !important;padding-left: 70px !important;background: #f1f0f0 url(https:\/\/slimtemplate.net\/adamas-usa-import\/wp-content\/uploads\/sites\/3\/2017\/01\/Back-01-USA.png?id=10188) !important;background-position: center !important;background-repeat: no-repeat !important;background-size: cover !important;}&#8221; offset=&#8221;vc_col-lg-12 vc_hidden-xs&#8221;][vc_empty_space height=&#8221;20px&#8221;][vc_single_image image=&#8221;11555&#8243; img_size=&#8221;full&#8221; alignment=&#8221;center&#8221;][vc_empty_space height=&#8221;20px&#8221;][vc_custom_heading text=&#8221;Director de Operaciones de Elan Capital&#8221;&#8230;<\/p>\n","protected":false},"author":1,"featured_media":0,"parent":0,"menu_order":12,"comment_status":"closed","ping_status":"closed","template":"page-templates\/page-for-composer.php","meta":[],"yoast_head":"<!-- This site is optimized with the Yoast SEO plugin v18.3 - https:\/\/yoast.com\/wordpress\/plugins\/seo\/ -->\n<title>John Edward Duarte - Elan Capital<\/title>\n<meta name=\"description\" content=\"Desde muy temprana edad, John Edward se dedic\u00f3 al emprendimiento, fundando m\u00faltiples empresas exitosas en Colombia. A pesar de graduarse con la tesis\" \/>\n<meta name=\"robots\" content=\"index, follow, max-snippet:-1, max-image-preview:large, max-video-preview:-1\" \/>\n<link rel=\"canonical\" href=\"https:\/\/elancapital.us\/es\/john-edward-duarte\/\" \/>\n<meta property=\"og:locale\" content=\"es_ES\" \/>\n<meta property=\"og:type\" content=\"article\" \/>\n<meta property=\"og:title\" content=\"John Edward Duarte - Elan Capital\" \/>\n<meta property=\"og:description\" content=\"Desde muy temprana edad, John Edward se dedic\u00f3 al emprendimiento, fundando m\u00faltiples empresas exitosas en Colombia. A pesar de graduarse con la tesis\" \/>\n<meta property=\"og:url\" content=\"https:\/\/elancapital.us\/es\/john-edward-duarte\/\" \/>\n<meta property=\"og:site_name\" content=\"Elan Capital\" \/>\n<meta property=\"article:modified_time\" content=\"2022-06-15T01:04:41+00:00\" \/>\n<meta name=\"twitter:card\" content=\"summary_large_image\" \/>\n<meta name=\"twitter:label1\" content=\"Tiempo estimado de lectura\" \/>\n\t<meta name=\"twitter:data1\" content=\"3 minutos\" \/>\n<script type=\"application\/ld+json\" class=\"yoast-schema-graph\">{\"@context\":\"https:\/\/schema.org\",\"@graph\":[{\"@type\":\"WebSite\",\"@id\":\"http:\/\/elancapital.us\/es\/#website\",\"url\":\"http:\/\/elancapital.us\/es\/\",\"name\":\"Elan Capital\",\"description\":\"Inversiones Inteligentes\",\"potentialAction\":[{\"@type\":\"SearchAction\",\"target\":{\"@type\":\"EntryPoint\",\"urlTemplate\":\"http:\/\/elancapital.us\/es\/?s={search_term_string}\"},\"query-input\":\"required name=search_term_string\"}],\"inLanguage\":\"es-CO\"},{\"@type\":\"WebPage\",\"@id\":\"https:\/\/elancapital.us\/es\/john-edward-duarte\/#webpage\",\"url\":\"https:\/\/elancapital.us\/es\/john-edward-duarte\/\",\"name\":\"John Edward Duarte - Elan Capital\",\"isPartOf\":{\"@id\":\"http:\/\/elancapital.us\/es\/#website\"},\"datePublished\":\"2021-10-08T03:40:55+00:00\",\"dateModified\":\"2022-06-15T01:04:41+00:00\",\"description\":\"Desde muy temprana edad, John Edward se dedic\u00f3 al emprendimiento, fundando m\u00faltiples empresas exitosas en Colombia. A pesar de graduarse con la tesis\",\"breadcrumb\":{\"@id\":\"https:\/\/elancapital.us\/es\/john-edward-duarte\/#breadcrumb\"},\"inLanguage\":\"es-CO\",\"potentialAction\":[{\"@type\":\"ReadAction\",\"target\":[\"https:\/\/elancapital.us\/es\/john-edward-duarte\/\"]}]},{\"@type\":\"BreadcrumbList\",\"@id\":\"https:\/\/elancapital.us\/es\/john-edward-duarte\/#breadcrumb\",\"itemListElement\":[{\"@type\":\"ListItem\",\"position\":1,\"name\":\"Inicio\",\"item\":\"http:\/\/elancapital.us\/es\/\"},{\"@type\":\"ListItem\",\"position\":2,\"name\":\"John Edward Duarte\"}]}]}<\/script>\n<!-- \/ Yoast SEO plugin. -->","yoast_head_json":{"title":"John Edward Duarte - Elan Capital","description":"Desde muy temprana edad, John Edward se dedic\u00f3 al emprendimiento, fundando m\u00faltiples empresas exitosas en Colombia. A pesar de graduarse con la tesis","robots":{"index":"index","follow":"follow","max-snippet":"max-snippet:-1","max-image-preview":"max-image-preview:large","max-video-preview":"max-video-preview:-1"},"canonical":"https:\/\/elancapital.us\/es\/john-edward-duarte\/","og_locale":"es_ES","og_type":"article","og_title":"John Edward Duarte - Elan Capital","og_description":"Desde muy temprana edad, John Edward se dedic\u00f3 al emprendimiento, fundando m\u00faltiples empresas exitosas en Colombia. A pesar de graduarse con la tesis","og_url":"https:\/\/elancapital.us\/es\/john-edward-duarte\/","og_site_name":"Elan Capital","article_modified_time":"2022-06-15T01:04:41+00:00","twitter_card":"summary_large_image","twitter_misc":{"Tiempo estimado de lectura":"3 minutos"},"schema":{"@context":"https:\/\/schema.org","@graph":[{"@type":"WebSite","@id":"http:\/\/elancapital.us\/es\/#website","url":"http:\/\/elancapital.us\/es\/","name":"Elan Capital","description":"Inversiones Inteligentes","potentialAction":[{"@type":"SearchAction","target":{"@type":"EntryPoint","urlTemplate":"http:\/\/elancapital.us\/es\/?s={search_term_string}"},"query-input":"required name=search_term_string"}],"inLanguage":"es-CO"},{"@type":"WebPage","@id":"https:\/\/elancapital.us\/es\/john-edward-duarte\/#webpage","url":"https:\/\/elancapital.us\/es\/john-edward-duarte\/","name":"John Edward Duarte - Elan Capital","isPartOf":{"@id":"http:\/\/elancapital.us\/es\/#website"},"datePublished":"2021-10-08T03:40:55+00:00","dateModified":"2022-06-15T01:04:41+00:00","description":"Desde muy temprana edad, John Edward se dedic\u00f3 al emprendimiento, fundando m\u00faltiples empresas exitosas en Colombia. A pesar de graduarse con la tesis","breadcrumb":{"@id":"https:\/\/elancapital.us\/es\/john-edward-duarte\/#breadcrumb"},"inLanguage":"es-CO","potentialAction":[{"@type":"ReadAction","target":["https:\/\/elancapital.us\/es\/john-edward-duarte\/"]}]},{"@type":"BreadcrumbList","@id":"https:\/\/elancapital.us\/es\/john-edward-duarte\/#breadcrumb","itemListElement":[{"@type":"ListItem","position":1,"name":"Inicio","item":"http:\/\/elancapital.us\/es\/"},{"@type":"ListItem","position":2,"name":"John Edward Duarte"}]}]}},"_links":{"self":[{"href":"https:\/\/elancapital.us\/es\/wp-json\/wp\/v2\/pages\/10996"}],"collection":[{"href":"https:\/\/elancapital.us\/es\/wp-json\/wp\/v2\/pages"}],"about":[{"href":"https:\/\/elancapital.us\/es\/wp-json\/wp\/v2\/types\/page"}],"author":[{"embeddable":true,"href":"https:\/\/elancapital.us\/es\/wp-json\/wp\/v2\/users\/1"}],"replies":[{"embeddable":true,"href":"https:\/\/elancapital.us\/es\/wp-json\/wp\/v2\/comments?post=10996"}],"version-history":[{"count":8,"href":"https:\/\/elancapital.us\/es\/wp-json\/wp\/v2\/pages\/10996\/revisions"}],"predecessor-version":[{"id":11725,"href":"https:\/\/elancapital.us\/es\/wp-json\/wp\/v2\/pages\/10996\/revisions\/11725"}],"wp:attachment":[{"href":"https:\/\/elancapital.us\/es\/wp-json\/wp\/v2\/media?parent=10996"}],"curies":[{"name":"wp","href":"https:\/\/api.w.org\/{rel}","templated":true}]}}