{"id":11522,"date":"2021-12-06T16:59:03","date_gmt":"2021-12-06T21:59:03","guid":{"rendered":"http:\/\/elancapital.us\/es\/?page_id=11522"},"modified":"2022-03-15T17:04:03","modified_gmt":"2022-03-15T22:04:03","slug":"julian-sanchez","status":"publish","type":"page","link":"http:\/\/elancapital.us\/es\/julian-sanchez\/","title":{"rendered":"Julian Sanchez"},"content":{"rendered":"<p>[vc_row][vc_column css=&#8221;.vc_custom_1640804135638{padding-top: 80px !important;padding-bottom: 170px !important;padding-left: 70px !important;background: #f1f0f0 url(https:\/\/slimtemplate.net\/adamas-usa-import\/wp-content\/uploads\/sites\/3\/2017\/01\/Back-01-USA.png?id=10188) !important;background-position: center !important;background-repeat: no-repeat !important;background-size: cover !important;}&#8221; offset=&#8221;vc_col-lg-12 vc_hidden-xs&#8221;]<div id=\"ultimate-heading-487469e09058df2d6\" class=\"uvc-heading ult-adjust-bottom-margin ultimate-heading-487469e09058df2d6 uvc-2170  enable-elem side h1\" data-hspacer=\"no_spacer\"  data-halign=\"left\" style=\"text-align:left;\"><div class=\"st-uvc-heading-bg-overlay\"  style=\"background:#232436;\"><\/div><i class=\"st-h-before\"><i><\/i><\/i><div class=\"uvc-heading-spacer no_spacer\" style=\"top\"><\/div><div class=\"uvc-main-heading ult-responsive\"  data-ultimate-target='.uvc-heading.ultimate-heading-487469e09058df2d6 h1'  data-responsive-json-new='{\"font-size\":\"desktop:50px;\",\"line-height\":\"\"}' ><h1 style=\"font-weight:bold;color:#ffffff;\">JULIAN SANCHEZ<\/h1><\/div><\/div>[vc_empty_space height=&#8221;20px&#8221;][vc_single_image image=&#8221;11628&#8243; img_size=&#8221;full&#8221; alignment=&#8221;center&#8221;][vc_empty_space height=&#8221;20px&#8221;][vc_custom_heading text=&#8221;<b>Director de Adquisiciones en Elan Capital<\/b>&#8221; font_container=&#8221;tag:h3|font_size:26|text_align:center&#8221; use_theme_fonts=&#8221;yes&#8221; custom_heading_enable_elem=&#8221;yes&#8221;][vc_column_text css=&#8221;.vc_custom_1638827819478{padding-top: 50px !important;padding-right: 50px !important;padding-bottom: 50px !important;padding-left: 50px !important;}&#8221;]<\/p>\n<p style=\"text-align: center;\">Juli\u00e1n obtuvo su t\u00edtulo de ingeniero mec\u00e1nico de la Universidad de Florida Central.<\/p>\n<p style=\"text-align: center;\">Empez\u00f3 adquiriendo bienes ra\u00edces en septiembre de 2018 mientras trabajaba en su carrera profesional como gerente de proyectos, donde manej\u00f3 actualizaciones de infraestructuras de las instalaciones del Departamento de Defensa en todo el mundo.<\/p>\n<p style=\"text-align: center;\">En diciembre de 2020 Juli\u00e1n decide renunciar a su carrera y enfocarse en hacer crecer su portafolio de bienes ra\u00edces como socio de Elan Capital.<\/p>\n<p style=\"text-align: center;\">A parte de comprar propiedades que generan ingresos, Juli\u00e1n disfruta actividades al aire libre, deportes acu\u00e1ticos, boxeo y viajar por el mundo con su esposa Alejandra y su hija Sophia.<\/p>\n<p>[\/vc_column_text][\/vc_column][\/vc_row][vc_row][vc_column css=&#8221;.vc_custom_1635364068806{padding-top: 30px !important;padding-right: 10px !important;padding-bottom: 30px !important;padding-left: 10px !important;background: #f1f0f0 url(https:\/\/slimtemplate.net\/adamas-usa-import\/wp-content\/uploads\/sites\/3\/2017\/01\/Back-01-USA.png?id=10188) !important;background-position: center !important;background-repeat: no-repeat !important;background-size: cover !important;}&#8221; offset=&#8221;vc_col-lg-12 vc_hidden-lg vc_hidden-md vc_hidden-sm&#8221;]<div id=\"ultimate-heading-934369e09058df3bd\" class=\"uvc-heading ult-adjust-bottom-margin ultimate-heading-934369e09058df3bd uvc-9854  enable-elem side h1\" data-hspacer=\"no_spacer\"  data-halign=\"left\" style=\"text-align:left;\"><div class=\"st-uvc-heading-bg-overlay\"  style=\"background:#232436;\"><\/div><i class=\"st-h-before\"><i><\/i><\/i><div class=\"uvc-heading-spacer no_spacer\" style=\"top\"><\/div><div class=\"uvc-main-heading ult-responsive\"  data-ultimate-target='.uvc-heading.ultimate-heading-934369e09058df3bd h1'  data-responsive-json-new='{\"font-size\":\"desktop:26px;\",\"line-height\":\"\"}' ><h1 style=\"font-weight:bold;color:#ffffff;\">JULIAN SANCHEZ<\/h1><\/div><\/div>[vc_empty_space height=&#8221;20px&#8221;][vc_single_image image=&#8221;11557&#8243; img_size=&#8221;full&#8221; alignment=&#8221;center&#8221;][vc_empty_space height=&#8221;20px&#8221;][vc_custom_heading text=&#8221;<b>Director de Adquisiciones en Elan Capital<\/b>&#8221; font_container=&#8221;tag:h3|font_size:26|text_align:center&#8221; use_theme_fonts=&#8221;yes&#8221; custom_heading_enable_elem=&#8221;yes&#8221;][vc_column_text css=&#8221;.vc_custom_1638827889109{padding-top: 30px !important;padding-right: 10px !important;padding-bottom: 50px !important;padding-left: 10px !important;}&#8221;]<\/p>\n<p style=\"text-align: left;\">Juli\u00e1n obtuvo su t\u00edtulo de ingeniero mec\u00e1nico de la Universidad de Florida Central.<\/p>\n<p style=\"text-align: left;\">Empez\u00f3 adquiriendo bienes ra\u00edces en septiembre de 2018 mientras trabajaba en su carrera profesional como gerente de proyectos, donde manej\u00f3 actualizaciones de infraestructuras de las instalaciones del Departamento de Defensa en todo el mundo.<\/p>\n<p style=\"text-align: left;\">En diciembre de 2020 Juli\u00e1n decide renunciar a su carrera y enfocarse en hacer crecer su portafolio de bienes ra\u00edces como socio de Elan Capital.<\/p>\n<p style=\"text-align: left;\">A parte de comprar propiedades que generan ingresos, Juli\u00e1n disfruta actividades al aire libre, deportes acu\u00e1ticos, boxeo y viajar por el mundo con su esposa Alejandra y su hija Sophia.<\/p>\n<p>[\/vc_column_text][\/vc_column][\/vc_row]<\/p>\n","protected":false},"excerpt":{"rendered":"<p>[vc_row][vc_column css=&#8221;.vc_custom_1640804135638{padding-top: 80px !important;padding-bottom: 170px !important;padding-left: 70px !important;background: #f1f0f0 url(https:\/\/slimtemplate.net\/adamas-usa-import\/wp-content\/uploads\/sites\/3\/2017\/01\/Back-01-USA.png?id=10188) !important;background-position: center !important;background-repeat: no-repeat !important;background-size: cover !important;}&#8221; offset=&#8221;vc_col-lg-12 vc_hidden-xs&#8221;][vc_empty_space height=&#8221;20px&#8221;][vc_single_image image=&#8221;11628&#8243; img_size=&#8221;full&#8221; alignment=&#8221;center&#8221;][vc_empty_space height=&#8221;20px&#8221;][vc_custom_heading text=&#8221;Director de Adquisiciones en Elan Capital&#8221;&#8230;<\/p>\n","protected":false},"author":1,"featured_media":0,"parent":0,"menu_order":12,"comment_status":"closed","ping_status":"closed","template":"page-templates\/page-for-composer.php","meta":[],"yoast_head":"<!-- This site is optimized with the Yoast SEO plugin v18.3 - https:\/\/yoast.com\/wordpress\/plugins\/seo\/ -->\n<title>Julian Sanchez - Elan Capital<\/title>\n<meta name=\"description\" content=\"Juli\u00e1n obtuvo su t\u00edtulo de ingeniero mec\u00e1nico de la Universidad de Florida Central. Empez\u00f3 adquiriendo bienes ra\u00edces en septiembre de 2018 mientras\" \/>\n<meta name=\"robots\" content=\"index, follow, max-snippet:-1, max-image-preview:large, max-video-preview:-1\" \/>\n<link rel=\"canonical\" href=\"http:\/\/elancapital.us\/es\/julian-sanchez\/\" \/>\n<meta property=\"og:locale\" content=\"es_ES\" \/>\n<meta property=\"og:type\" content=\"article\" \/>\n<meta property=\"og:title\" content=\"Julian Sanchez - Elan Capital\" \/>\n<meta property=\"og:description\" content=\"Juli\u00e1n obtuvo su t\u00edtulo de ingeniero mec\u00e1nico de la Universidad de Florida Central. Empez\u00f3 adquiriendo bienes ra\u00edces en septiembre de 2018 mientras\" \/>\n<meta property=\"og:url\" content=\"http:\/\/elancapital.us\/es\/julian-sanchez\/\" \/>\n<meta property=\"og:site_name\" content=\"Elan Capital\" \/>\n<meta property=\"article:modified_time\" content=\"2022-03-15T22:04:03+00:00\" \/>\n<meta name=\"twitter:card\" content=\"summary_large_image\" \/>\n<meta name=\"twitter:label1\" content=\"Tiempo estimado de lectura\" \/>\n\t<meta name=\"twitter:data1\" content=\"3 minutos\" \/>\n<script type=\"application\/ld+json\" class=\"yoast-schema-graph\">{\"@context\":\"https:\/\/schema.org\",\"@graph\":[{\"@type\":\"WebSite\",\"@id\":\"https:\/\/elancapital.us\/es\/#website\",\"url\":\"https:\/\/elancapital.us\/es\/\",\"name\":\"Elan Capital\",\"description\":\"Inversiones Inteligentes\",\"potentialAction\":[{\"@type\":\"SearchAction\",\"target\":{\"@type\":\"EntryPoint\",\"urlTemplate\":\"https:\/\/elancapital.us\/es\/?s={search_term_string}\"},\"query-input\":\"required name=search_term_string\"}],\"inLanguage\":\"es-CO\"},{\"@type\":\"WebPage\",\"@id\":\"http:\/\/elancapital.us\/es\/julian-sanchez\/#webpage\",\"url\":\"http:\/\/elancapital.us\/es\/julian-sanchez\/\",\"name\":\"Julian Sanchez - Elan Capital\",\"isPartOf\":{\"@id\":\"https:\/\/elancapital.us\/es\/#website\"},\"datePublished\":\"2021-12-06T21:59:03+00:00\",\"dateModified\":\"2022-03-15T22:04:03+00:00\",\"description\":\"Juli\u00e1n obtuvo su t\u00edtulo de ingeniero mec\u00e1nico de la Universidad de Florida Central. Empez\u00f3 adquiriendo bienes ra\u00edces en septiembre de 2018 mientras\",\"breadcrumb\":{\"@id\":\"http:\/\/elancapital.us\/es\/julian-sanchez\/#breadcrumb\"},\"inLanguage\":\"es-CO\",\"potentialAction\":[{\"@type\":\"ReadAction\",\"target\":[\"http:\/\/elancapital.us\/es\/julian-sanchez\/\"]}]},{\"@type\":\"BreadcrumbList\",\"@id\":\"http:\/\/elancapital.us\/es\/julian-sanchez\/#breadcrumb\",\"itemListElement\":[{\"@type\":\"ListItem\",\"position\":1,\"name\":\"Inicio\",\"item\":\"https:\/\/elancapital.us\/es\/\"},{\"@type\":\"ListItem\",\"position\":2,\"name\":\"Julian Sanchez\"}]}]}<\/script>\n<!-- \/ Yoast SEO plugin. -->","yoast_head_json":{"title":"Julian Sanchez - Elan Capital","description":"Juli\u00e1n obtuvo su t\u00edtulo de ingeniero mec\u00e1nico de la Universidad de Florida Central. Empez\u00f3 adquiriendo bienes ra\u00edces en septiembre de 2018 mientras","robots":{"index":"index","follow":"follow","max-snippet":"max-snippet:-1","max-image-preview":"max-image-preview:large","max-video-preview":"max-video-preview:-1"},"canonical":"http:\/\/elancapital.us\/es\/julian-sanchez\/","og_locale":"es_ES","og_type":"article","og_title":"Julian Sanchez - Elan Capital","og_description":"Juli\u00e1n obtuvo su t\u00edtulo de ingeniero mec\u00e1nico de la Universidad de Florida Central. Empez\u00f3 adquiriendo bienes ra\u00edces en septiembre de 2018 mientras","og_url":"http:\/\/elancapital.us\/es\/julian-sanchez\/","og_site_name":"Elan Capital","article_modified_time":"2022-03-15T22:04:03+00:00","twitter_card":"summary_large_image","twitter_misc":{"Tiempo estimado de lectura":"3 minutos"},"schema":{"@context":"https:\/\/schema.org","@graph":[{"@type":"WebSite","@id":"https:\/\/elancapital.us\/es\/#website","url":"https:\/\/elancapital.us\/es\/","name":"Elan Capital","description":"Inversiones Inteligentes","potentialAction":[{"@type":"SearchAction","target":{"@type":"EntryPoint","urlTemplate":"https:\/\/elancapital.us\/es\/?s={search_term_string}"},"query-input":"required name=search_term_string"}],"inLanguage":"es-CO"},{"@type":"WebPage","@id":"http:\/\/elancapital.us\/es\/julian-sanchez\/#webpage","url":"http:\/\/elancapital.us\/es\/julian-sanchez\/","name":"Julian Sanchez - Elan Capital","isPartOf":{"@id":"https:\/\/elancapital.us\/es\/#website"},"datePublished":"2021-12-06T21:59:03+00:00","dateModified":"2022-03-15T22:04:03+00:00","description":"Juli\u00e1n obtuvo su t\u00edtulo de ingeniero mec\u00e1nico de la Universidad de Florida Central. Empez\u00f3 adquiriendo bienes ra\u00edces en septiembre de 2018 mientras","breadcrumb":{"@id":"http:\/\/elancapital.us\/es\/julian-sanchez\/#breadcrumb"},"inLanguage":"es-CO","potentialAction":[{"@type":"ReadAction","target":["http:\/\/elancapital.us\/es\/julian-sanchez\/"]}]},{"@type":"BreadcrumbList","@id":"http:\/\/elancapital.us\/es\/julian-sanchez\/#breadcrumb","itemListElement":[{"@type":"ListItem","position":1,"name":"Inicio","item":"https:\/\/elancapital.us\/es\/"},{"@type":"ListItem","position":2,"name":"Julian Sanchez"}]}]}},"_links":{"self":[{"href":"http:\/\/elancapital.us\/es\/wp-json\/wp\/v2\/pages\/11522"}],"collection":[{"href":"http:\/\/elancapital.us\/es\/wp-json\/wp\/v2\/pages"}],"about":[{"href":"http:\/\/elancapital.us\/es\/wp-json\/wp\/v2\/types\/page"}],"author":[{"embeddable":true,"href":"http:\/\/elancapital.us\/es\/wp-json\/wp\/v2\/users\/1"}],"replies":[{"embeddable":true,"href":"http:\/\/elancapital.us\/es\/wp-json\/wp\/v2\/comments?post=11522"}],"version-history":[{"count":5,"href":"http:\/\/elancapital.us\/es\/wp-json\/wp\/v2\/pages\/11522\/revisions"}],"predecessor-version":[{"id":11633,"href":"http:\/\/elancapital.us\/es\/wp-json\/wp\/v2\/pages\/11522\/revisions\/11633"}],"wp:attachment":[{"href":"http:\/\/elancapital.us\/es\/wp-json\/wp\/v2\/media?parent=11522"}],"curies":[{"name":"wp","href":"https:\/\/api.w.org\/{rel}","templated":true}]}}