{"id":11436,"date":"2021-11-20T17:26:49","date_gmt":"2021-11-20T22:26:49","guid":{"rendered":"http:\/\/elancapital.us\/es\/?page_id=11436"},"modified":"2022-01-25T19:10:32","modified_gmt":"2022-01-26T00:10:32","slug":"descarga-e-book","status":"publish","type":"page","link":"http:\/\/elancapital.us\/es\/descarga-e-book\/","title":{"rendered":"Descarga E-book"},"content":{"rendered":"<p>[vc_row][vc_column offset=&#8221;vc_hidden-xs&#8221;][vc_empty_space height=&#8221;60px&#8221;][\/vc_column][\/vc_row][vc_row equal_height=&#8221;yes&#8221;][vc_column width=&#8221;1\/2&#8243; st_column_responsive_remove_css=&#8221;st-remove-paddings&#8221; css=&#8221;.vc_custom_1637450858649{padding-right: 100px !important;padding-left: 100px !important;background-color: #232436 !important;}&#8221; offset=&#8221;vc_col-lg-5 vc_hidden-lg vc_col-md-5 vc_hidden-md vc_hidden-sm vc_hidden-xs&#8221;][vc_empty_space height=&#8221;60px&#8221;][vc_custom_heading text=&#8221;E-BOOK GRATIS&#8221; font_container=&#8221;tag:h2|font_size:30|text_align:left|color:%23ffffff&#8221; use_theme_fonts=&#8221;yes&#8221;][vc_empty_space height=&#8221;20px&#8221;][vc_column_text]<span style=\"color: #ffffff;\">Ingresa tus datos para descargar nuestro E-Book: INVERTIR EN BIENES RA\u00cdCES, M\u00c1S N\u00daMEROS QUE LADRILLOS<\/span>[\/vc_column_text][vc_column_text]\n\t<section id=\"yikes-mailchimp-container-2\" class=\"yikes-mailchimp-container yikes-mailchimp-container-2 \">\n\t\t\t\t<form id=\"landing-e-book-2\" class=\"yikes-easy-mc-form yikes-easy-mc-form-2  mc4wp-form mc4wp-form-1230 mc4wp-form-theme mc4wp-form-theme-blue\" method=\"POST\" data-attr-form-id=\"2\">\n\n\t\t\t\t\t\t\t\t\t\t\t\t\t<label for=\"yikes-easy-mc-form-2-EMAIL\"  class=\"EMAIL-label yikes-mailchimp-field-required \">\n\n\t\t\t\t\t\t\t\t\t\t<!-- dictate label visibility -->\n\t\t\t\t\t\t\t\t\t\t\n\t\t\t\t\t\t\t\t\t\t<!-- Description Above -->\n\t\t\t\t\t\t\t\t\t\t\n\t\t\t\t\t\t\t\t\t\t<input id=\"yikes-easy-mc-form-2-EMAIL\"  name=\"EMAIL\"  placeholder=\"E-mail\"  class=\"yikes-easy-mc-email field-no-label\"  required=\"required\" type=\"email\"  value=\"\">\n\n\t\t\t\t\t\t\t\t\t\t<!-- Description Below -->\n\t\t\t\t\t\t\t\t\t\t\n\t\t\t\t\t\t\t\t\t<\/label>\n\t\t\t\t\t\t\t\t\t\n\t\t\t\t\t\t\t\t\t<label for=\"a7207aa50a\" style=\"display:none;\" class=\"a7207aa50a-label \">\n\t\t\t\t\t\t\t\t\t\t<!-- dictate label visibility -->\n\t\t\t\t\t\t\t\t\t\t\n\t\t\t\t\t\t\t\t\t\t<!-- Description Above -->\n\t\t\t\t\t\t\t\t\t\t\n\t\t\t\t\t\t\t\t\t\t<select id=\"yikes-easy-mc-form-2-a7207aa50a\"  name=\"group-a7207aa50a\"   class=\"yikes-easy-mc-dropdown st-subscribe-form field-no-label\"   style=\"display:none;\">\n\n\t\t\t\t\t\t\t\t\t\t\t\t\t\t\t\t\t\t\t\t\t\t\t\t<option\n\t\t\t\t\t\t\t\t\t\t\t\t\t\tselected=\"selected\"\t\t\t\t\t\t\t\t\t\t\t\t\t\tvalue=\"6258e50b31\">\n\t\t\t\t\t\t\t\t\t\t\t\t\t\tSpanish \/ Espa\u00f1ol\t\t\t\t\t\t\t\t\t\t\t\t\t<\/option>\n\t\t\t\t\t\t\t\t\t\t\t\t\t\t\t\t\t\t\t\t\t\t\t\t<option\n\t\t\t\t\t\t\t\t\t\t\t\t\t\t\t\t\t\t\t\t\t\t\t\t\t\t\t\tvalue=\"b7d89b836a\">\n\t\t\t\t\t\t\t\t\t\t\t\t\t\tEnglish \/ Ingl\u00e9s\t\t\t\t\t\t\t\t\t\t\t\t\t<\/option>\n\t\t\t\t\t\t\t\t\t\t\t\t\t\t\t\t\t\t\t\t\t<\/select>\n\n\t\t\t\t\t\t\t\t\t\t<!-- Description Below -->\n\t\t\t\t\t\t\t\t\t\t\n\t\t\t\t\t\t\t\t\t<\/label>\n\t\t\t\t<!-- Honeypot Trap -->\n\t\t\t\t<input type=\"hidden\" name=\"yikes-mailchimp-honeypot\" id=\"yikes-mailchimp-honeypot-2\" value=\"\">\n\n\t\t\t\t<!-- List ID -->\n\t\t\t\t<input type=\"hidden\" name=\"yikes-mailchimp-associated-list-id\" id=\"yikes-mailchimp-associated-list-id-2\" value=\"8418530f05\">\n\n\t\t\t\t<!-- The form that is being submitted! Used to display error\/success messages above the correct form -->\n\t\t\t\t<input type=\"hidden\" name=\"yikes-mailchimp-submitted-form\" id=\"yikes-mailchimp-submitted-form-2\" value=\"2\">\n\n\t\t\t\t<!-- Submit Button -->\n\t\t\t\t<button type=\"submit\" class=\"yikes-easy-mc-submit-button yikes-easy-mc-submit-button-2 btn btn-primary \"> <span class=\"yikes-mailchimp-submit-button-span-text\">Enviar<\/span><\/button>\t\t\t\t<!-- Nonce Security Check -->\n\t\t\t\t<input type=\"hidden\" id=\"yikes_easy_mc_new_subscriber_2\" name=\"yikes_easy_mc_new_subscriber\" value=\"48dec301e6\">\n\t\t\t\t<input type=\"hidden\" name=\"_wp_http_referer\" value=\"\/es\/wp-json\/wp\/v2\/pages\/11436\" \/>\n\t\t\t<\/form>\n\t\t\t<!-- Mailchimp Form generated by Easy Forms for Mailchimp v6.8.10 (https:\/\/wordpress.org\/plugins\/yikes-inc-easy-mailchimp-extender\/) -->\n\n\t\t\t<\/section>\n\t[\/vc_column_text][vc_empty_space height=&#8221;20px&#8221;][\/vc_column][vc_column width=&#8221;1\/2&#8243; css=&#8221;.vc_custom_1637450873538{background-image: url(https:\/\/slimtemplate.net\/adamas-usa-import\/wp-content\/uploads\/sites\/3\/2017\/01\/Back-01-USA.png?id=10188) !important;background-position: center !important;background-repeat: no-repeat !important;background-size: cover !important;}&#8221; offset=&#8221;vc_col-lg-7 vc_hidden-lg vc_col-md-6 vc_hidden-md&#8221;][vc_single_image image=&#8221;11600&#8243; img_size=&#8221;full&#8221;][\/vc_column][\/vc_row][vc_row equal_height=&#8221;yes&#8221;][vc_column width=&#8221;1\/2&#8243; st_column_responsive_remove_css=&#8221;st-remove-paddings&#8221; css=&#8221;.vc_custom_1637447200171{padding-right: 100px !important;padding-left: 100px !important;background-color: #232436 !important;}&#8221; offset=&#8221;vc_col-lg-5 vc_col-md-5&#8243;][vc_empty_space height=&#8221;60px&#8221;][vc_custom_heading text=&#8221;E-BOOK GRATIS&#8221; font_container=&#8221;tag:h2|font_size:30|text_align:left|color:%23ffffff&#8221; use_theme_fonts=&#8221;yes&#8221;][vc_empty_space height=&#8221;20px&#8221;][vc_column_text]<span style=\"color: #ffffff;\">Ingresa tus datos para descargar nuestro E-Book: INVERTIR EN BIENES RA\u00cdCES, M\u00c1S N\u00daMEROS QUE LADRILLOS<\/span>[\/vc_column_text][vc_column_text]\n\t<section id=\"yikes-mailchimp-container-2\" class=\"yikes-mailchimp-container yikes-mailchimp-container-2 \">\n\t\t\t\t<form id=\"landing-e-book-2\" class=\"yikes-easy-mc-form yikes-easy-mc-form-2  mc4wp-form mc4wp-form-1230 mc4wp-form-theme mc4wp-form-theme-blue\" method=\"POST\" data-attr-form-id=\"2\">\n\n\t\t\t\t\t\t\t\t\t\t\t\t\t<label for=\"yikes-easy-mc-form-2-EMAIL\"  class=\"EMAIL-label yikes-mailchimp-field-required \">\n\n\t\t\t\t\t\t\t\t\t\t<!-- dictate label visibility -->\n\t\t\t\t\t\t\t\t\t\t\n\t\t\t\t\t\t\t\t\t\t<!-- Description Above -->\n\t\t\t\t\t\t\t\t\t\t\n\t\t\t\t\t\t\t\t\t\t<input id=\"yikes-easy-mc-form-2-EMAIL\"  name=\"EMAIL\"  placeholder=\"E-mail\"  class=\"yikes-easy-mc-email field-no-label\"  required=\"required\" type=\"email\"  value=\"\">\n\n\t\t\t\t\t\t\t\t\t\t<!-- Description Below -->\n\t\t\t\t\t\t\t\t\t\t\n\t\t\t\t\t\t\t\t\t<\/label>\n\t\t\t\t\t\t\t\t\t\n\t\t\t\t\t\t\t\t\t<label for=\"a7207aa50a\" style=\"display:none;\" class=\"a7207aa50a-label \">\n\t\t\t\t\t\t\t\t\t\t<!-- dictate label visibility -->\n\t\t\t\t\t\t\t\t\t\t\n\t\t\t\t\t\t\t\t\t\t<!-- Description Above -->\n\t\t\t\t\t\t\t\t\t\t\n\t\t\t\t\t\t\t\t\t\t<select id=\"yikes-easy-mc-form-2-a7207aa50a\"  name=\"group-a7207aa50a\"   class=\"yikes-easy-mc-dropdown st-subscribe-form field-no-label\"   style=\"display:none;\">\n\n\t\t\t\t\t\t\t\t\t\t\t\t\t\t\t\t\t\t\t\t\t\t\t\t<option\n\t\t\t\t\t\t\t\t\t\t\t\t\t\tselected=\"selected\"\t\t\t\t\t\t\t\t\t\t\t\t\t\tvalue=\"6258e50b31\">\n\t\t\t\t\t\t\t\t\t\t\t\t\t\tSpanish \/ Espa\u00f1ol\t\t\t\t\t\t\t\t\t\t\t\t\t<\/option>\n\t\t\t\t\t\t\t\t\t\t\t\t\t\t\t\t\t\t\t\t\t\t\t\t<option\n\t\t\t\t\t\t\t\t\t\t\t\t\t\t\t\t\t\t\t\t\t\t\t\t\t\t\t\tvalue=\"b7d89b836a\">\n\t\t\t\t\t\t\t\t\t\t\t\t\t\tEnglish \/ Ingl\u00e9s\t\t\t\t\t\t\t\t\t\t\t\t\t<\/option>\n\t\t\t\t\t\t\t\t\t\t\t\t\t\t\t\t\t\t\t\t\t<\/select>\n\n\t\t\t\t\t\t\t\t\t\t<!-- Description Below -->\n\t\t\t\t\t\t\t\t\t\t\n\t\t\t\t\t\t\t\t\t<\/label>\n\t\t\t\t<!-- Honeypot Trap -->\n\t\t\t\t<input type=\"hidden\" name=\"yikes-mailchimp-honeypot\" id=\"yikes-mailchimp-honeypot-2\" value=\"\">\n\n\t\t\t\t<!-- List ID -->\n\t\t\t\t<input type=\"hidden\" name=\"yikes-mailchimp-associated-list-id\" id=\"yikes-mailchimp-associated-list-id-2\" value=\"8418530f05\">\n\n\t\t\t\t<!-- The form that is being submitted! Used to display error\/success messages above the correct form -->\n\t\t\t\t<input type=\"hidden\" name=\"yikes-mailchimp-submitted-form\" id=\"yikes-mailchimp-submitted-form-2\" value=\"2\">\n\n\t\t\t\t<!-- Submit Button -->\n\t\t\t\t<button type=\"submit\" class=\"yikes-easy-mc-submit-button yikes-easy-mc-submit-button-2 btn btn-primary \"> <span class=\"yikes-mailchimp-submit-button-span-text\">Enviar<\/span><\/button>\t\t\t\t<!-- Nonce Security Check -->\n\t\t\t\t<input type=\"hidden\" id=\"yikes_easy_mc_new_subscriber_2\" name=\"yikes_easy_mc_new_subscriber\" value=\"48dec301e6\">\n\t\t\t\t<input type=\"hidden\" name=\"_wp_http_referer\" value=\"\/es\/wp-json\/wp\/v2\/pages\/11436\" \/>\n\t\t\t<\/form>\n\t\t\t<!-- Mailchimp Form generated by Easy Forms for Mailchimp v6.8.10 (https:\/\/wordpress.org\/plugins\/yikes-inc-easy-mailchimp-extender\/) -->\n\n\t\t\t<\/section>\n\t[\/vc_column_text][vc_empty_space height=&#8221;50px&#8221;][\/vc_column][vc_column width=&#8221;1\/2&#8243; css=&#8221;.vc_custom_1637450902957{background-image: url(https:\/\/slimtemplate.net\/adamas-usa-import\/wp-content\/uploads\/sites\/3\/2017\/01\/Back-01-USA.png?id=10188) !important;background-position: center !important;background-repeat: no-repeat !important;background-size: cover !important;}&#8221; offset=&#8221;vc_col-lg-7 vc_col-md-6 vc_hidden-sm vc_hidden-xs&#8221;][vc_single_image image=&#8221;11600&#8243; img_size=&#8221;full&#8221;][\/vc_column][\/vc_row][vc_row][vc_column][vc_empty_space height=&#8221;80px&#8221;][\/vc_column][\/vc_row]<\/p>\n","protected":false},"excerpt":{"rendered":"<p>[vc_row][vc_column offset=&#8221;vc_hidden-xs&#8221;][vc_empty_space height=&#8221;60px&#8221;][\/vc_column][\/vc_row][vc_row equal_height=&#8221;yes&#8221;][vc_column width=&#8221;1\/2&#8243; st_column_responsive_remove_css=&#8221;st-remove-paddings&#8221; css=&#8221;.vc_custom_1637450858649{padding-right: 100px !important;padding-left: 100px !important;background-color: #232436 !important;}&#8221; offset=&#8221;vc_col-lg-5 vc_hidden-lg vc_col-md-5 vc_hidden-md vc_hidden-sm vc_hidden-xs&#8221;][vc_empty_space height=&#8221;60px&#8221;][vc_custom_heading text=&#8221;E-BOOK GRATIS&#8221; font_container=&#8221;tag:h2|font_size:30|text_align:left|color:%23ffffff&#8221; use_theme_fonts=&#8221;yes&#8221;][vc_empty_space height=&#8221;20px&#8221;][vc_column_text]Ingresa tus datos para descargar nuestro&#8230;<\/p>\n","protected":false},"author":1,"featured_media":11068,"parent":0,"menu_order":49,"comment_status":"closed","ping_status":"closed","template":"page-templates\/page-for-composer.php","meta":[],"yoast_head":"<!-- This site is optimized with the Yoast SEO plugin v18.3 - https:\/\/yoast.com\/wordpress\/plugins\/seo\/ -->\n<title>Descarga E-book - Elan Capital<\/title>\n<meta name=\"description\" content=\"Ingresa tus datos para descargar nuestro E-Book: INVERTIR EN BIENES RA\u00cdCES, M\u00c1S N\u00daMEROS QUE LADRILLOSIngresa tus datos para descargar nuestro E-Book:\" \/>\n<meta name=\"robots\" content=\"index, follow, max-snippet:-1, max-image-preview:large, max-video-preview:-1\" \/>\n<link rel=\"canonical\" href=\"https:\/\/elancapital.us\/es\/descarga-e-book\/\" \/>\n<meta property=\"og:locale\" content=\"es_ES\" \/>\n<meta property=\"og:type\" content=\"article\" \/>\n<meta property=\"og:title\" content=\"Descarga E-book - Elan Capital\" \/>\n<meta property=\"og:description\" content=\"Ingresa tus datos para descargar nuestro E-Book: INVERTIR EN BIENES RA\u00cdCES, M\u00c1S N\u00daMEROS QUE LADRILLOSIngresa tus datos para descargar nuestro E-Book:\" \/>\n<meta property=\"og:url\" content=\"https:\/\/elancapital.us\/es\/descarga-e-book\/\" \/>\n<meta property=\"og:site_name\" content=\"Elan Capital\" \/>\n<meta property=\"article:modified_time\" content=\"2022-01-26T00:10:32+00:00\" \/>\n<meta property=\"og:image\" content=\"https:\/\/elancapital.us\/es\/wp-content\/uploads\/2021\/10\/contacto-imagen-elan.jpg\" \/>\n\t<meta property=\"og:image:width\" content=\"800\" \/>\n\t<meta property=\"og:image:height\" content=\"533\" \/>\n\t<meta property=\"og:image:type\" content=\"image\/jpeg\" \/>\n<meta name=\"twitter:card\" content=\"summary_large_image\" \/>\n<meta name=\"twitter:label1\" content=\"Tiempo estimado de lectura\" \/>\n\t<meta name=\"twitter:data1\" content=\"2 minutos\" \/>\n<script type=\"application\/ld+json\" class=\"yoast-schema-graph\">{\"@context\":\"https:\/\/schema.org\",\"@graph\":[{\"@type\":\"WebSite\",\"@id\":\"https:\/\/elancapital.us\/es\/#website\",\"url\":\"https:\/\/elancapital.us\/es\/\",\"name\":\"Elan Capital\",\"description\":\"Inversiones Inteligentes\",\"potentialAction\":[{\"@type\":\"SearchAction\",\"target\":{\"@type\":\"EntryPoint\",\"urlTemplate\":\"https:\/\/elancapital.us\/es\/?s={search_term_string}\"},\"query-input\":\"required name=search_term_string\"}],\"inLanguage\":\"es-CO\"},{\"@type\":\"ImageObject\",\"@id\":\"https:\/\/elancapital.us\/es\/descarga-e-book\/#primaryimage\",\"inLanguage\":\"es-CO\",\"url\":\"http:\/\/elancapital.us\/es\/wp-content\/uploads\/2021\/10\/contacto-imagen-elan.jpg\",\"contentUrl\":\"http:\/\/elancapital.us\/es\/wp-content\/uploads\/2021\/10\/contacto-imagen-elan.jpg\",\"width\":800,\"height\":533},{\"@type\":\"WebPage\",\"@id\":\"https:\/\/elancapital.us\/es\/descarga-e-book\/#webpage\",\"url\":\"https:\/\/elancapital.us\/es\/descarga-e-book\/\",\"name\":\"Descarga E-book - Elan Capital\",\"isPartOf\":{\"@id\":\"https:\/\/elancapital.us\/es\/#website\"},\"primaryImageOfPage\":{\"@id\":\"https:\/\/elancapital.us\/es\/descarga-e-book\/#primaryimage\"},\"datePublished\":\"2021-11-20T22:26:49+00:00\",\"dateModified\":\"2022-01-26T00:10:32+00:00\",\"description\":\"Ingresa tus datos para descargar nuestro E-Book: INVERTIR EN BIENES RA\u00cdCES, M\u00c1S N\u00daMEROS QUE LADRILLOSIngresa tus datos para descargar nuestro E-Book:\",\"breadcrumb\":{\"@id\":\"https:\/\/elancapital.us\/es\/descarga-e-book\/#breadcrumb\"},\"inLanguage\":\"es-CO\",\"potentialAction\":[{\"@type\":\"ReadAction\",\"target\":[\"https:\/\/elancapital.us\/es\/descarga-e-book\/\"]}]},{\"@type\":\"BreadcrumbList\",\"@id\":\"https:\/\/elancapital.us\/es\/descarga-e-book\/#breadcrumb\",\"itemListElement\":[{\"@type\":\"ListItem\",\"position\":1,\"name\":\"Inicio\",\"item\":\"https:\/\/elancapital.us\/es\/\"},{\"@type\":\"ListItem\",\"position\":2,\"name\":\"Descarga E-book\"}]}]}<\/script>\n<!-- \/ Yoast SEO plugin. -->","yoast_head_json":{"title":"Descarga E-book - Elan Capital","description":"Ingresa tus datos para descargar nuestro E-Book: INVERTIR EN BIENES RA\u00cdCES, M\u00c1S N\u00daMEROS QUE LADRILLOSIngresa tus datos para descargar nuestro E-Book:","robots":{"index":"index","follow":"follow","max-snippet":"max-snippet:-1","max-image-preview":"max-image-preview:large","max-video-preview":"max-video-preview:-1"},"canonical":"https:\/\/elancapital.us\/es\/descarga-e-book\/","og_locale":"es_ES","og_type":"article","og_title":"Descarga E-book - Elan Capital","og_description":"Ingresa tus datos para descargar nuestro E-Book: INVERTIR EN BIENES RA\u00cdCES, M\u00c1S N\u00daMEROS QUE LADRILLOSIngresa tus datos para descargar nuestro E-Book:","og_url":"https:\/\/elancapital.us\/es\/descarga-e-book\/","og_site_name":"Elan Capital","article_modified_time":"2022-01-26T00:10:32+00:00","og_image":[{"width":800,"height":533,"url":"https:\/\/elancapital.us\/es\/wp-content\/uploads\/2021\/10\/contacto-imagen-elan.jpg","type":"image\/jpeg"}],"twitter_card":"summary_large_image","twitter_misc":{"Tiempo estimado de lectura":"2 minutos"},"schema":{"@context":"https:\/\/schema.org","@graph":[{"@type":"WebSite","@id":"https:\/\/elancapital.us\/es\/#website","url":"https:\/\/elancapital.us\/es\/","name":"Elan Capital","description":"Inversiones Inteligentes","potentialAction":[{"@type":"SearchAction","target":{"@type":"EntryPoint","urlTemplate":"https:\/\/elancapital.us\/es\/?s={search_term_string}"},"query-input":"required name=search_term_string"}],"inLanguage":"es-CO"},{"@type":"ImageObject","@id":"https:\/\/elancapital.us\/es\/descarga-e-book\/#primaryimage","inLanguage":"es-CO","url":"http:\/\/elancapital.us\/es\/wp-content\/uploads\/2021\/10\/contacto-imagen-elan.jpg","contentUrl":"http:\/\/elancapital.us\/es\/wp-content\/uploads\/2021\/10\/contacto-imagen-elan.jpg","width":800,"height":533},{"@type":"WebPage","@id":"https:\/\/elancapital.us\/es\/descarga-e-book\/#webpage","url":"https:\/\/elancapital.us\/es\/descarga-e-book\/","name":"Descarga E-book - Elan Capital","isPartOf":{"@id":"https:\/\/elancapital.us\/es\/#website"},"primaryImageOfPage":{"@id":"https:\/\/elancapital.us\/es\/descarga-e-book\/#primaryimage"},"datePublished":"2021-11-20T22:26:49+00:00","dateModified":"2022-01-26T00:10:32+00:00","description":"Ingresa tus datos para descargar nuestro E-Book: INVERTIR EN BIENES RA\u00cdCES, M\u00c1S N\u00daMEROS QUE LADRILLOSIngresa tus datos para descargar nuestro E-Book:","breadcrumb":{"@id":"https:\/\/elancapital.us\/es\/descarga-e-book\/#breadcrumb"},"inLanguage":"es-CO","potentialAction":[{"@type":"ReadAction","target":["https:\/\/elancapital.us\/es\/descarga-e-book\/"]}]},{"@type":"BreadcrumbList","@id":"https:\/\/elancapital.us\/es\/descarga-e-book\/#breadcrumb","itemListElement":[{"@type":"ListItem","position":1,"name":"Inicio","item":"https:\/\/elancapital.us\/es\/"},{"@type":"ListItem","position":2,"name":"Descarga E-book"}]}]}},"_links":{"self":[{"href":"http:\/\/elancapital.us\/es\/wp-json\/wp\/v2\/pages\/11436"}],"collection":[{"href":"http:\/\/elancapital.us\/es\/wp-json\/wp\/v2\/pages"}],"about":[{"href":"http:\/\/elancapital.us\/es\/wp-json\/wp\/v2\/types\/page"}],"author":[{"embeddable":true,"href":"http:\/\/elancapital.us\/es\/wp-json\/wp\/v2\/users\/1"}],"replies":[{"embeddable":true,"href":"http:\/\/elancapital.us\/es\/wp-json\/wp\/v2\/comments?post=11436"}],"version-history":[{"count":19,"href":"http:\/\/elancapital.us\/es\/wp-json\/wp\/v2\/pages\/11436\/revisions"}],"predecessor-version":[{"id":11601,"href":"http:\/\/elancapital.us\/es\/wp-json\/wp\/v2\/pages\/11436\/revisions\/11601"}],"wp:featuredmedia":[{"embeddable":true,"href":"http:\/\/elancapital.us\/es\/wp-json\/wp\/v2\/media\/11068"}],"wp:attachment":[{"href":"http:\/\/elancapital.us\/es\/wp-json\/wp\/v2\/media?parent=11436"}],"curies":[{"name":"wp","href":"https:\/\/api.w.org\/{rel}","templated":true}]}}