{"id":11035,"date":"2021-10-07T23:55:27","date_gmt":"2021-10-08T04:55:27","guid":{"rendered":"http:\/\/elancapital.us\/es\/?page_id=11035"},"modified":"2021-10-27T15:04:10","modified_gmt":"2021-10-27T20:04:10","slug":"mitch-durfee","status":"publish","type":"page","link":"http:\/\/elancapital.us\/es\/mitch-durfee\/","title":{"rendered":"Mitch Durfee"},"content":{"rendered":"<p>[vc_row][vc_column css=&#8221;.vc_custom_1635364930561{padding-top: 190px !important;padding-bottom: 170px !important;padding-left: 70px !important;background: #f1f0f0 url(https:\/\/slimtemplate.net\/adamas-usa-import\/wp-content\/uploads\/sites\/3\/2017\/01\/Back-01-USA.png?id=10188) !important;background-position: center !important;background-repeat: no-repeat !important;background-size: cover !important;}&#8221; offset=&#8221;vc_col-lg-12 vc_hidden-xs&#8221;]<div id=\"ultimate-heading-6269e09466afc6c\" class=\"uvc-heading ult-adjust-bottom-margin ultimate-heading-6269e09466afc6c uvc-8696  enable-elem side h1\" data-hspacer=\"no_spacer\"  data-halign=\"left\" style=\"text-align:left;\"><div class=\"st-uvc-heading-bg-overlay\"  style=\"background:#232436;\"><\/div><i class=\"st-h-before\"><i><\/i><\/i><div class=\"uvc-heading-spacer no_spacer\" style=\"top\"><\/div><div class=\"uvc-main-heading ult-responsive\"  data-ultimate-target='.uvc-heading.ultimate-heading-6269e09466afc6c h1'  data-responsive-json-new='{\"font-size\":\"desktop:50px;\",\"line-height\":\"\"}' ><h1 style=\"font-weight:bold;color:#ffffff;\">MITCH DURFEE<\/h1><\/div><\/div>[vc_empty_space height=&#8221;20px&#8221;][vc_single_image image=&#8221;11030&#8243; img_size=&#8221;full&#8221; alignment=&#8221;center&#8221;][vc_empty_space height=&#8221;20px&#8221;][vc_custom_heading text=&#8221;<b>Fundador de MD Capital Partners<\/b>&#8221; font_container=&#8221;tag:h3|font_size:26|text_align:center&#8221; use_theme_fonts=&#8221;yes&#8221; custom_heading_enable_elem=&#8221;yes&#8221;][vc_column_text css=&#8221;.vc_custom_1633901922235{padding-top: 50px !important;padding-right: 50px !important;padding-bottom: 50px !important;padding-left: 50px !important;}&#8221;]<\/p>\n<p style=\"text-align: center;\">Mitch Durfee (Asesor principal de MD Capital &amp; Partners) se interes\u00f3 por primera vez en el sector inmobiliario cuando se despleg\u00f3 en Irak en 2004-2005.<\/p>\n<p style=\"text-align: center;\">Poco despu\u00e9s de regresar a su hogar, compr\u00f3 su primera propiedad de inversi\u00f3n y desde entonces ha participado en la adquisici\u00f3n de m\u00e1s de 560 unidades como Socio limitado y socio general<\/p>\n<p style=\"text-align: center;\">Mitch actualmente posee su Licencia de Bienes Ra\u00edces y es el Autor de 3 Bestsellers Nacionales.<\/p>\n<p>[\/vc_column_text][\/vc_column][\/vc_row][vc_row][vc_column css=&#8221;.vc_custom_1635365016958{padding-top: 30px !important;padding-bottom: 30px !important;background: #f1f0f0 url(https:\/\/slimtemplate.net\/adamas-usa-import\/wp-content\/uploads\/sites\/3\/2017\/01\/Back-01-USA.png?id=10188) !important;background-position: center !important;background-repeat: no-repeat !important;background-size: cover !important;}&#8221; offset=&#8221;vc_col-lg-12 vc_hidden-lg vc_hidden-md vc_hidden-sm&#8221;]<div id=\"ultimate-heading-687769e09466afd11\" class=\"uvc-heading ult-adjust-bottom-margin ultimate-heading-687769e09466afd11 uvc-3189  enable-elem side h1\" data-hspacer=\"no_spacer\"  data-halign=\"left\" style=\"text-align:left;\"><div class=\"st-uvc-heading-bg-overlay\"  style=\"background:#232436;\"><\/div><i class=\"st-h-before\"><i><\/i><\/i><div class=\"uvc-heading-spacer no_spacer\" style=\"top\"><\/div><div class=\"uvc-main-heading ult-responsive\"  data-ultimate-target='.uvc-heading.ultimate-heading-687769e09466afd11 h1'  data-responsive-json-new='{\"font-size\":\"desktop:28px;\",\"line-height\":\"\"}' ><h1 style=\"font-weight:bold;color:#ffffff;\">MITCH DURFEE<\/h1><\/div><\/div>[vc_empty_space height=&#8221;20px&#8221;][vc_single_image image=&#8221;11030&#8243; img_size=&#8221;full&#8221; alignment=&#8221;center&#8221;][vc_empty_space height=&#8221;20px&#8221;][vc_custom_heading text=&#8221;<b>Fundador de MD Capital Partners<\/b>&#8221; font_container=&#8221;tag:h3|font_size:26|text_align:center&#8221; use_theme_fonts=&#8221;yes&#8221; custom_heading_enable_elem=&#8221;yes&#8221;][vc_column_text css=&#8221;.vc_custom_1635365044455{padding-top: 30px !important;padding-right: 10px !important;padding-bottom: 30px !important;padding-left: 10px !important;}&#8221;]<\/p>\n<p style=\"text-align: left;\">Mitch Durfee (Asesor principal de MD Capital &amp; Partners) se interes\u00f3 por primera vez en el sector inmobiliario cuando se despleg\u00f3 en Irak en 2004-2005.<\/p>\n<p style=\"text-align: left;\">Poco despu\u00e9s de regresar a su hogar, compr\u00f3 su primera propiedad de inversi\u00f3n y desde entonces ha participado en la adquisici\u00f3n de m\u00e1s de 560 unidades como Socio limitado y socio general<\/p>\n<p style=\"text-align: left;\">Mitch actualmente posee su Licencia de Bienes Ra\u00edces y es el Autor de 3 Bestsellers Nacionales.<\/p>\n<p>[\/vc_column_text][\/vc_column][\/vc_row]<\/p>\n","protected":false},"excerpt":{"rendered":"<p>[vc_row][vc_column css=&#8221;.vc_custom_1635364930561{padding-top: 190px !important;padding-bottom: 170px !important;padding-left: 70px !important;background: #f1f0f0 url(https:\/\/slimtemplate.net\/adamas-usa-import\/wp-content\/uploads\/sites\/3\/2017\/01\/Back-01-USA.png?id=10188) !important;background-position: center !important;background-repeat: no-repeat !important;background-size: cover !important;}&#8221; offset=&#8221;vc_col-lg-12 vc_hidden-xs&#8221;][vc_empty_space height=&#8221;20px&#8221;][vc_single_image image=&#8221;11030&#8243; img_size=&#8221;full&#8221; alignment=&#8221;center&#8221;][vc_empty_space height=&#8221;20px&#8221;][vc_custom_heading text=&#8221;Fundador de MD Capital Partners&#8221; font_container=&#8221;tag:h3|font_size:26|text_align:center&#8221;&#8230;<\/p>\n","protected":false},"author":1,"featured_media":0,"parent":0,"menu_order":12,"comment_status":"closed","ping_status":"closed","template":"page-templates\/page-for-composer.php","meta":[],"yoast_head":"<!-- This site is optimized with the Yoast SEO plugin v18.3 - https:\/\/yoast.com\/wordpress\/plugins\/seo\/ -->\n<title>Mitch Durfee - Elan Capital<\/title>\n<meta name=\"description\" content=\"Mitch Durfee (Asesor principal de MD Capital &amp; Partners) se interes\u00f3 por primera vez en el sector inmobiliario cuando se despleg\u00f3 en Irak en\" \/>\n<meta name=\"robots\" content=\"index, follow, max-snippet:-1, max-image-preview:large, max-video-preview:-1\" \/>\n<link rel=\"canonical\" href=\"http:\/\/elancapital.us\/es\/mitch-durfee\/\" \/>\n<meta property=\"og:locale\" content=\"es_ES\" \/>\n<meta property=\"og:type\" content=\"article\" \/>\n<meta property=\"og:title\" content=\"Mitch Durfee - Elan Capital\" \/>\n<meta property=\"og:description\" content=\"Mitch Durfee (Asesor principal de MD Capital &amp; Partners) se interes\u00f3 por primera vez en el sector inmobiliario cuando se despleg\u00f3 en Irak en\" \/>\n<meta property=\"og:url\" content=\"http:\/\/elancapital.us\/es\/mitch-durfee\/\" \/>\n<meta property=\"og:site_name\" content=\"Elan Capital\" \/>\n<meta property=\"article:modified_time\" content=\"2021-10-27T20:04:10+00:00\" \/>\n<meta name=\"twitter:card\" content=\"summary_large_image\" \/>\n<meta name=\"twitter:label1\" content=\"Tiempo estimado de lectura\" \/>\n\t<meta name=\"twitter:data1\" content=\"2 minutos\" \/>\n<script type=\"application\/ld+json\" class=\"yoast-schema-graph\">{\"@context\":\"https:\/\/schema.org\",\"@graph\":[{\"@type\":\"WebSite\",\"@id\":\"https:\/\/elancapital.us\/es\/#website\",\"url\":\"https:\/\/elancapital.us\/es\/\",\"name\":\"Elan Capital\",\"description\":\"Inversiones Inteligentes\",\"potentialAction\":[{\"@type\":\"SearchAction\",\"target\":{\"@type\":\"EntryPoint\",\"urlTemplate\":\"https:\/\/elancapital.us\/es\/?s={search_term_string}\"},\"query-input\":\"required name=search_term_string\"}],\"inLanguage\":\"es-CO\"},{\"@type\":\"WebPage\",\"@id\":\"http:\/\/elancapital.us\/es\/mitch-durfee\/#webpage\",\"url\":\"http:\/\/elancapital.us\/es\/mitch-durfee\/\",\"name\":\"Mitch Durfee - Elan Capital\",\"isPartOf\":{\"@id\":\"https:\/\/elancapital.us\/es\/#website\"},\"datePublished\":\"2021-10-08T04:55:27+00:00\",\"dateModified\":\"2021-10-27T20:04:10+00:00\",\"description\":\"Mitch Durfee (Asesor principal de MD Capital &amp; Partners) se interes\u00f3 por primera vez en el sector inmobiliario cuando se despleg\u00f3 en Irak en\",\"breadcrumb\":{\"@id\":\"http:\/\/elancapital.us\/es\/mitch-durfee\/#breadcrumb\"},\"inLanguage\":\"es-CO\",\"potentialAction\":[{\"@type\":\"ReadAction\",\"target\":[\"http:\/\/elancapital.us\/es\/mitch-durfee\/\"]}]},{\"@type\":\"BreadcrumbList\",\"@id\":\"http:\/\/elancapital.us\/es\/mitch-durfee\/#breadcrumb\",\"itemListElement\":[{\"@type\":\"ListItem\",\"position\":1,\"name\":\"Inicio\",\"item\":\"https:\/\/elancapital.us\/es\/\"},{\"@type\":\"ListItem\",\"position\":2,\"name\":\"Mitch Durfee\"}]}]}<\/script>\n<!-- \/ Yoast SEO plugin. -->","yoast_head_json":{"title":"Mitch Durfee - Elan Capital","description":"Mitch Durfee (Asesor principal de MD Capital &amp; Partners) se interes\u00f3 por primera vez en el sector inmobiliario cuando se despleg\u00f3 en Irak en","robots":{"index":"index","follow":"follow","max-snippet":"max-snippet:-1","max-image-preview":"max-image-preview:large","max-video-preview":"max-video-preview:-1"},"canonical":"http:\/\/elancapital.us\/es\/mitch-durfee\/","og_locale":"es_ES","og_type":"article","og_title":"Mitch Durfee - Elan Capital","og_description":"Mitch Durfee (Asesor principal de MD Capital &amp; Partners) se interes\u00f3 por primera vez en el sector inmobiliario cuando se despleg\u00f3 en Irak en","og_url":"http:\/\/elancapital.us\/es\/mitch-durfee\/","og_site_name":"Elan Capital","article_modified_time":"2021-10-27T20:04:10+00:00","twitter_card":"summary_large_image","twitter_misc":{"Tiempo estimado de lectura":"2 minutos"},"schema":{"@context":"https:\/\/schema.org","@graph":[{"@type":"WebSite","@id":"https:\/\/elancapital.us\/es\/#website","url":"https:\/\/elancapital.us\/es\/","name":"Elan Capital","description":"Inversiones Inteligentes","potentialAction":[{"@type":"SearchAction","target":{"@type":"EntryPoint","urlTemplate":"https:\/\/elancapital.us\/es\/?s={search_term_string}"},"query-input":"required name=search_term_string"}],"inLanguage":"es-CO"},{"@type":"WebPage","@id":"http:\/\/elancapital.us\/es\/mitch-durfee\/#webpage","url":"http:\/\/elancapital.us\/es\/mitch-durfee\/","name":"Mitch Durfee - Elan Capital","isPartOf":{"@id":"https:\/\/elancapital.us\/es\/#website"},"datePublished":"2021-10-08T04:55:27+00:00","dateModified":"2021-10-27T20:04:10+00:00","description":"Mitch Durfee (Asesor principal de MD Capital &amp; Partners) se interes\u00f3 por primera vez en el sector inmobiliario cuando se despleg\u00f3 en Irak en","breadcrumb":{"@id":"http:\/\/elancapital.us\/es\/mitch-durfee\/#breadcrumb"},"inLanguage":"es-CO","potentialAction":[{"@type":"ReadAction","target":["http:\/\/elancapital.us\/es\/mitch-durfee\/"]}]},{"@type":"BreadcrumbList","@id":"http:\/\/elancapital.us\/es\/mitch-durfee\/#breadcrumb","itemListElement":[{"@type":"ListItem","position":1,"name":"Inicio","item":"https:\/\/elancapital.us\/es\/"},{"@type":"ListItem","position":2,"name":"Mitch Durfee"}]}]}},"_links":{"self":[{"href":"http:\/\/elancapital.us\/es\/wp-json\/wp\/v2\/pages\/11035"}],"collection":[{"href":"http:\/\/elancapital.us\/es\/wp-json\/wp\/v2\/pages"}],"about":[{"href":"http:\/\/elancapital.us\/es\/wp-json\/wp\/v2\/types\/page"}],"author":[{"embeddable":true,"href":"http:\/\/elancapital.us\/es\/wp-json\/wp\/v2\/users\/1"}],"replies":[{"embeddable":true,"href":"http:\/\/elancapital.us\/es\/wp-json\/wp\/v2\/comments?post=11035"}],"version-history":[{"count":5,"href":"http:\/\/elancapital.us\/es\/wp-json\/wp\/v2\/pages\/11035\/revisions"}],"predecessor-version":[{"id":11330,"href":"http:\/\/elancapital.us\/es\/wp-json\/wp\/v2\/pages\/11035\/revisions\/11330"}],"wp:attachment":[{"href":"http:\/\/elancapital.us\/es\/wp-json\/wp\/v2\/media?parent=11035"}],"curies":[{"name":"wp","href":"https:\/\/api.w.org\/{rel}","templated":true}]}}