{"id":11024,"date":"2021-10-07T23:41:39","date_gmt":"2021-10-08T04:41:39","guid":{"rendered":"http:\/\/elancapital.us\/es\/?page_id=11024"},"modified":"2021-10-27T15:07:57","modified_gmt":"2021-10-27T20:07:57","slug":"steeve-breton","status":"publish","type":"page","link":"http:\/\/elancapital.us\/es\/steeve-breton\/","title":{"rendered":"Steeve Breton"},"content":{"rendered":"<p>[vc_row][vc_column css=&#8221;.vc_custom_1635365175817{padding-top: 190px !important;padding-bottom: 170px !important;padding-left: 70px !important;background: #f1f0f0 url(https:\/\/slimtemplate.net\/adamas-usa-import\/wp-content\/uploads\/sites\/3\/2017\/01\/Back-01-USA.png?id=10188) !important;background-position: center !important;background-repeat: no-repeat !important;background-size: cover !important;}&#8221; offset=&#8221;vc_col-lg-12 vc_hidden-xs&#8221;]<div id=\"ultimate-heading-201269fb20ee63eb8\" class=\"uvc-heading ult-adjust-bottom-margin ultimate-heading-201269fb20ee63eb8 uvc-6548  enable-elem side h1\" data-hspacer=\"no_spacer\"  data-halign=\"left\" style=\"text-align:left;\"><div class=\"st-uvc-heading-bg-overlay\"  style=\"background:#232436;\"><\/div><i class=\"st-h-before\"><i><\/i><\/i><div class=\"uvc-heading-spacer no_spacer\" style=\"top\"><\/div><div class=\"uvc-main-heading ult-responsive\"  data-ultimate-target='.uvc-heading.ultimate-heading-201269fb20ee63eb8 h1'  data-responsive-json-new='{\"font-size\":\"desktop:50px;\",\"line-height\":\"\"}' ><h1 style=\"font-weight:bold;color:#ffffff;\">STEEVE BRETON<\/h1><\/div><\/div>[vc_empty_space height=&#8221;20px&#8221;][vc_single_image image=&#8221;11027&#8243; img_size=&#8221;full&#8221; alignment=&#8221;center&#8221;][vc_empty_space height=&#8221;20px&#8221;][vc_custom_heading text=&#8221;<b>MBA &#8211; Fundador de Velocity Capital<\/b>&#8221; font_container=&#8221;tag:h3|font_size:26|text_align:center&#8221; use_theme_fonts=&#8221;yes&#8221; custom_heading_enable_elem=&#8221;yes&#8221;][vc_column_text css=&#8221;.vc_custom_1633901946061{padding-top: 50px !important;padding-right: 50px !important;padding-bottom: 50px !important;padding-left: 50px !important;}&#8221;]<\/p>\n<p style=\"text-align: center;\">Steeve Breton es el fundador de Velocity Capital, una firma de inversi\u00f3n inmobiliaria de capital privado. Steeve ha invertido en m\u00e1s de 2,000 unidades de apartamentos y tiene una experiencia diversa en bienes ra\u00edces.El ha construido una s\u00f3lida red de profesionales de bienes ra\u00edces experimentados y asesores de confianza. Su enfoque conservador y sus habilidades anal\u00edticas le permiten evaluar claramente el riesgo e invertir sabiamente para maximizar los retornos de los clientes y preservar su principal.<\/p>\n<p style=\"text-align: center;\">Steeve, a menudo, es panelista en conferencias nacionales de bienes ra\u00edces y ha sido entrevistado en numerosos podcasts. Tambi\u00e9n es un entrenador de bienes ra\u00edces donde ense\u00f1a c\u00f3mo invertir en grandes propiedades multifamiliares para generar flujo de efectivo.<\/p>\n<p style=\"text-align: center;\">Antes de fundar Velocity Capital, Steeve desarroll\u00f3 una exitosa carrera en sistemas de IT, responsable de grandes equipos y proyectos multimillonarios. Steeve Tiene un MBA de la Escuela de Negocios Olin de Babson College.<\/p>\n<p>[\/vc_column_text][\/vc_column][\/vc_row][vc_row][vc_column css=&#8221;.vc_custom_1635365237591{padding-top: 30px !important;padding-bottom: 30px !important;background: #f1f0f0 url(https:\/\/slimtemplate.net\/adamas-usa-import\/wp-content\/uploads\/sites\/3\/2017\/01\/Back-01-USA.png?id=10188) !important;background-position: center !important;background-repeat: no-repeat !important;background-size: cover !important;}&#8221; offset=&#8221;vc_col-lg-12 vc_hidden-lg vc_hidden-md vc_hidden-sm&#8221;]<div id=\"ultimate-heading-624869fb20ee63f55\" class=\"uvc-heading ult-adjust-bottom-margin ultimate-heading-624869fb20ee63f55 uvc-8345  enable-elem side h1\" data-hspacer=\"no_spacer\"  data-halign=\"left\" style=\"text-align:left;\"><div class=\"st-uvc-heading-bg-overlay\"  style=\"background:#232436;\"><\/div><i class=\"st-h-before\"><i><\/i><\/i><div class=\"uvc-heading-spacer no_spacer\" style=\"top\"><\/div><div class=\"uvc-main-heading ult-responsive\"  data-ultimate-target='.uvc-heading.ultimate-heading-624869fb20ee63f55 h1'  data-responsive-json-new='{\"font-size\":\"desktop:28px;\",\"line-height\":\"\"}' ><h1 style=\"font-weight:bold;color:#ffffff;\">STEEVE BRETON<\/h1><\/div><\/div>[vc_empty_space height=&#8221;20px&#8221;][vc_single_image image=&#8221;11027&#8243; img_size=&#8221;full&#8221; alignment=&#8221;center&#8221;][vc_empty_space height=&#8221;20px&#8221;][vc_custom_heading text=&#8221;<b>MBA &#8211; Fundador de Velocity Capital<\/b>&#8221; font_container=&#8221;tag:h3|font_size:26|text_align:center&#8221; use_theme_fonts=&#8221;yes&#8221; custom_heading_enable_elem=&#8221;yes&#8221;][vc_column_text css=&#8221;.vc_custom_1635365221730{padding-top: 30px !important;padding-right: 10px !important;padding-bottom: 30px !important;padding-left: 10px !important;}&#8221;]<\/p>\n<p style=\"text-align: left;\">Steeve Breton es el fundador de Velocity Capital, una firma de inversi\u00f3n inmobiliaria de capital privado. Steeve ha invertido en m\u00e1s de 2,000 unidades de apartamentos y tiene una experiencia diversa en bienes ra\u00edces.El ha construido una s\u00f3lida red de profesionales de bienes ra\u00edces experimentados y asesores de confianza. Su enfoque conservador y sus habilidades anal\u00edticas le permiten evaluar claramente el riesgo e invertir sabiamente para maximizar los retornos de los clientes y preservar su principal.<\/p>\n<p style=\"text-align: left;\">Steeve, a menudo, es panelista en conferencias nacionales de bienes ra\u00edces y ha sido entrevistado en numerosos podcasts. Tambi\u00e9n es un entrenador de bienes ra\u00edces donde ense\u00f1a c\u00f3mo invertir en grandes propiedades multifamiliares para generar flujo de efectivo.<\/p>\n<p style=\"text-align: left;\">Antes de fundar Velocity Capital, Steeve desarroll\u00f3 una exitosa carrera en sistemas de IT, responsable de grandes equipos y proyectos multimillonarios. Steeve Tiene un MBA de la Escuela de Negocios Olin de Babson College.<\/p>\n<p>[\/vc_column_text][\/vc_column][\/vc_row]<\/p>\n","protected":false},"excerpt":{"rendered":"<p>[vc_row][vc_column css=&#8221;.vc_custom_1635365175817{padding-top: 190px !important;padding-bottom: 170px !important;padding-left: 70px !important;background: #f1f0f0 url(https:\/\/slimtemplate.net\/adamas-usa-import\/wp-content\/uploads\/sites\/3\/2017\/01\/Back-01-USA.png?id=10188) !important;background-position: center !important;background-repeat: no-repeat !important;background-size: cover !important;}&#8221; offset=&#8221;vc_col-lg-12 vc_hidden-xs&#8221;][vc_empty_space height=&#8221;20px&#8221;][vc_single_image image=&#8221;11027&#8243; img_size=&#8221;full&#8221; alignment=&#8221;center&#8221;][vc_empty_space height=&#8221;20px&#8221;][vc_custom_heading text=&#8221;MBA &#8211; Fundador de Velocity Capital&#8221;&#8230;<\/p>\n","protected":false},"author":1,"featured_media":0,"parent":0,"menu_order":12,"comment_status":"closed","ping_status":"closed","template":"page-templates\/page-for-composer.php","meta":[],"yoast_head":"<!-- This site is optimized with the Yoast SEO plugin v18.3 - https:\/\/yoast.com\/wordpress\/plugins\/seo\/ -->\n<title>Steeve Breton - Elan Capital<\/title>\n<meta name=\"description\" content=\"Steeve Breton es el fundador de Velocity Capital, una firma de inversi\u00f3n inmobiliaria de capital privado. Steeve ha invertido en m\u00e1s de 2,000 unidades de\" \/>\n<meta name=\"robots\" content=\"index, follow, max-snippet:-1, max-image-preview:large, max-video-preview:-1\" \/>\n<link rel=\"canonical\" href=\"http:\/\/elancapital.us\/es\/steeve-breton\/\" \/>\n<meta property=\"og:locale\" content=\"es_ES\" \/>\n<meta property=\"og:type\" content=\"article\" \/>\n<meta property=\"og:title\" content=\"Steeve Breton - Elan Capital\" \/>\n<meta property=\"og:description\" content=\"Steeve Breton es el fundador de Velocity Capital, una firma de inversi\u00f3n inmobiliaria de capital privado. Steeve ha invertido en m\u00e1s de 2,000 unidades de\" \/>\n<meta property=\"og:url\" content=\"http:\/\/elancapital.us\/es\/steeve-breton\/\" \/>\n<meta property=\"og:site_name\" content=\"Elan Capital\" \/>\n<meta property=\"article:modified_time\" content=\"2021-10-27T20:07:57+00:00\" \/>\n<meta name=\"twitter:card\" content=\"summary_large_image\" \/>\n<meta name=\"twitter:label1\" content=\"Tiempo estimado de lectura\" \/>\n\t<meta name=\"twitter:data1\" content=\"3 minutos\" \/>\n<script type=\"application\/ld+json\" class=\"yoast-schema-graph\">{\"@context\":\"https:\/\/schema.org\",\"@graph\":[{\"@type\":\"WebSite\",\"@id\":\"http:\/\/elancapital.us\/es\/#website\",\"url\":\"http:\/\/elancapital.us\/es\/\",\"name\":\"Elan Capital\",\"description\":\"Inversiones Inteligentes\",\"potentialAction\":[{\"@type\":\"SearchAction\",\"target\":{\"@type\":\"EntryPoint\",\"urlTemplate\":\"http:\/\/elancapital.us\/es\/?s={search_term_string}\"},\"query-input\":\"required name=search_term_string\"}],\"inLanguage\":\"es-CO\"},{\"@type\":\"WebPage\",\"@id\":\"http:\/\/elancapital.us\/es\/steeve-breton\/#webpage\",\"url\":\"http:\/\/elancapital.us\/es\/steeve-breton\/\",\"name\":\"Steeve Breton - Elan Capital\",\"isPartOf\":{\"@id\":\"http:\/\/elancapital.us\/es\/#website\"},\"datePublished\":\"2021-10-08T04:41:39+00:00\",\"dateModified\":\"2021-10-27T20:07:57+00:00\",\"description\":\"Steeve Breton es el fundador de Velocity Capital, una firma de inversi\u00f3n inmobiliaria de capital privado. Steeve ha invertido en m\u00e1s de 2,000 unidades de\",\"breadcrumb\":{\"@id\":\"http:\/\/elancapital.us\/es\/steeve-breton\/#breadcrumb\"},\"inLanguage\":\"es-CO\",\"potentialAction\":[{\"@type\":\"ReadAction\",\"target\":[\"http:\/\/elancapital.us\/es\/steeve-breton\/\"]}]},{\"@type\":\"BreadcrumbList\",\"@id\":\"http:\/\/elancapital.us\/es\/steeve-breton\/#breadcrumb\",\"itemListElement\":[{\"@type\":\"ListItem\",\"position\":1,\"name\":\"Inicio\",\"item\":\"http:\/\/elancapital.us\/es\/\"},{\"@type\":\"ListItem\",\"position\":2,\"name\":\"Steeve Breton\"}]}]}<\/script>\n<!-- \/ Yoast SEO plugin. -->","yoast_head_json":{"title":"Steeve Breton - Elan Capital","description":"Steeve Breton es el fundador de Velocity Capital, una firma de inversi\u00f3n inmobiliaria de capital privado. Steeve ha invertido en m\u00e1s de 2,000 unidades de","robots":{"index":"index","follow":"follow","max-snippet":"max-snippet:-1","max-image-preview":"max-image-preview:large","max-video-preview":"max-video-preview:-1"},"canonical":"http:\/\/elancapital.us\/es\/steeve-breton\/","og_locale":"es_ES","og_type":"article","og_title":"Steeve Breton - Elan Capital","og_description":"Steeve Breton es el fundador de Velocity Capital, una firma de inversi\u00f3n inmobiliaria de capital privado. Steeve ha invertido en m\u00e1s de 2,000 unidades de","og_url":"http:\/\/elancapital.us\/es\/steeve-breton\/","og_site_name":"Elan Capital","article_modified_time":"2021-10-27T20:07:57+00:00","twitter_card":"summary_large_image","twitter_misc":{"Tiempo estimado de lectura":"3 minutos"},"schema":{"@context":"https:\/\/schema.org","@graph":[{"@type":"WebSite","@id":"http:\/\/elancapital.us\/es\/#website","url":"http:\/\/elancapital.us\/es\/","name":"Elan Capital","description":"Inversiones Inteligentes","potentialAction":[{"@type":"SearchAction","target":{"@type":"EntryPoint","urlTemplate":"http:\/\/elancapital.us\/es\/?s={search_term_string}"},"query-input":"required name=search_term_string"}],"inLanguage":"es-CO"},{"@type":"WebPage","@id":"http:\/\/elancapital.us\/es\/steeve-breton\/#webpage","url":"http:\/\/elancapital.us\/es\/steeve-breton\/","name":"Steeve Breton - Elan Capital","isPartOf":{"@id":"http:\/\/elancapital.us\/es\/#website"},"datePublished":"2021-10-08T04:41:39+00:00","dateModified":"2021-10-27T20:07:57+00:00","description":"Steeve Breton es el fundador de Velocity Capital, una firma de inversi\u00f3n inmobiliaria de capital privado. Steeve ha invertido en m\u00e1s de 2,000 unidades de","breadcrumb":{"@id":"http:\/\/elancapital.us\/es\/steeve-breton\/#breadcrumb"},"inLanguage":"es-CO","potentialAction":[{"@type":"ReadAction","target":["http:\/\/elancapital.us\/es\/steeve-breton\/"]}]},{"@type":"BreadcrumbList","@id":"http:\/\/elancapital.us\/es\/steeve-breton\/#breadcrumb","itemListElement":[{"@type":"ListItem","position":1,"name":"Inicio","item":"http:\/\/elancapital.us\/es\/"},{"@type":"ListItem","position":2,"name":"Steeve Breton"}]}]}},"_links":{"self":[{"href":"http:\/\/elancapital.us\/es\/wp-json\/wp\/v2\/pages\/11024"}],"collection":[{"href":"http:\/\/elancapital.us\/es\/wp-json\/wp\/v2\/pages"}],"about":[{"href":"http:\/\/elancapital.us\/es\/wp-json\/wp\/v2\/types\/page"}],"author":[{"embeddable":true,"href":"http:\/\/elancapital.us\/es\/wp-json\/wp\/v2\/users\/1"}],"replies":[{"embeddable":true,"href":"http:\/\/elancapital.us\/es\/wp-json\/wp\/v2\/comments?post=11024"}],"version-history":[{"count":9,"href":"http:\/\/elancapital.us\/es\/wp-json\/wp\/v2\/pages\/11024\/revisions"}],"predecessor-version":[{"id":11334,"href":"http:\/\/elancapital.us\/es\/wp-json\/wp\/v2\/pages\/11024\/revisions\/11334"}],"wp:attachment":[{"href":"http:\/\/elancapital.us\/es\/wp-json\/wp\/v2\/media?parent=11024"}],"curies":[{"name":"wp","href":"https:\/\/api.w.org\/{rel}","templated":true}]}}