{"id":11017,"date":"2021-10-07T23:30:55","date_gmt":"2021-10-08T04:30:55","guid":{"rendered":"http:\/\/elancapital.us\/es\/?page_id=11017"},"modified":"2021-10-27T15:00:28","modified_gmt":"2021-10-27T20:00:28","slug":"valentina-olarte","status":"publish","type":"page","link":"http:\/\/elancapital.us\/es\/valentina-olarte\/","title":{"rendered":"Valentina Olarte"},"content":{"rendered":"<p>[vc_row][vc_column css=&#8221;.vc_custom_1635364679921{padding-top: 190px !important;padding-bottom: 170px !important;padding-left: 70px !important;background: #f1f0f0 url(https:\/\/slimtemplate.net\/adamas-usa-import\/wp-content\/uploads\/sites\/3\/2017\/01\/Back-01-USA.png?id=10188) !important;background-position: center !important;background-repeat: no-repeat !important;background-size: cover !important;}&#8221; offset=&#8221;vc_col-lg-12 vc_hidden-xs&#8221;]<div id=\"ultimate-heading-405569fb20ed12416\" class=\"uvc-heading ult-adjust-bottom-margin ultimate-heading-405569fb20ed12416 uvc-7884  enable-elem side h1\" data-hspacer=\"no_spacer\"  data-halign=\"left\" style=\"text-align:left;\"><div class=\"st-uvc-heading-bg-overlay\"  style=\"background:#232436;\"><\/div><i class=\"st-h-before\"><i><\/i><\/i><div class=\"uvc-heading-spacer no_spacer\" style=\"top\"><\/div><div class=\"uvc-main-heading ult-responsive\"  data-ultimate-target='.uvc-heading.ultimate-heading-405569fb20ed12416 h1'  data-responsive-json-new='{\"font-size\":\"desktop:50px;\",\"line-height\":\"\"}' ><h1 style=\"font-weight:bold;color:#ffffff;\">VALENTINA OLARTE<\/h1><\/div><\/div>[vc_empty_space height=&#8221;20px&#8221;][vc_single_image image=&#8221;11018&#8243; img_size=&#8221;full&#8221; alignment=&#8221;center&#8221;][vc_empty_space height=&#8221;20px&#8221;][vc_custom_heading text=&#8221;<b>Asistente administrativa de Elan capital<\/b>&#8221; font_container=&#8221;tag:h3|font_size:26|text_align:center&#8221; use_theme_fonts=&#8221;yes&#8221; custom_heading_enable_elem=&#8221;yes&#8221;][vc_column_text css=&#8221;.vc_custom_1633667429087{padding-top: 50px !important;padding-right: 50px !important;padding-bottom: 50px !important;padding-left: 50px !important;}&#8221;]<\/p>\n<p style=\"text-align: center;\">Es la persona a cargo de la administraci\u00f3n, operaci\u00f3n y control de todas las unidades de negocio de ELAN CAPITAL. Su gesti\u00f3n se resume en que la funcionalidad operativa del d\u00eda a d\u00eda est\u00e9 en perfecta sincron\u00eda; sus alcances abarcan desde aspectos legales, contables, operativos, administrativos, recursos humanos, hasta la asistencia en todo lo referente al negocio con los socios de la compa\u00f1\u00eda.<\/p>\n<p style=\"text-align: center;\">A pesar de su juventud; su car\u00e1cter, determinaci\u00f3n, biling\u00fcismo y ser una emprendedora empedernida, la convirtieron en el engranaje perfecto y la energ\u00eda juvenil dentro de este complejo negocio.<\/p>\n<p style=\"text-align: center;\">Valentina goza del dise\u00f1o interiores y disfruta viajar por el mundo retroaliment\u00e1ndose de nuevas culturas, dise\u00f1os, paisajes y tendencias.<\/p>\n<p>[\/vc_column_text][\/vc_column][\/vc_row][vc_row][vc_column css=&#8221;.vc_custom_1635364709457{padding-top: 30px !important;padding-bottom: 30px !important;background: #f1f0f0 url(https:\/\/slimtemplate.net\/adamas-usa-import\/wp-content\/uploads\/sites\/3\/2017\/01\/Back-01-USA.png?id=10188) !important;background-position: center !important;background-repeat: no-repeat !important;background-size: cover !important;}&#8221; offset=&#8221;vc_col-lg-12 vc_hidden-lg vc_hidden-md vc_hidden-sm&#8221;]<div id=\"ultimate-heading-129269fb20ed12487\" class=\"uvc-heading ult-adjust-bottom-margin ultimate-heading-129269fb20ed12487 uvc-5748  enable-elem side h1\" data-hspacer=\"no_spacer\"  data-halign=\"left\" style=\"text-align:left;\"><div class=\"st-uvc-heading-bg-overlay\"  style=\"background:#232436;\"><\/div><i class=\"st-h-before\"><i><\/i><\/i><div class=\"uvc-heading-spacer no_spacer\" style=\"top\"><\/div><div class=\"uvc-main-heading ult-responsive\"  data-ultimate-target='.uvc-heading.ultimate-heading-129269fb20ed12487 h1'  data-responsive-json-new='{\"font-size\":\"desktop:28px;\",\"line-height\":\"\"}' ><h1 style=\"font-weight:bold;color:#ffffff;\">VALENTINA OLARTE<\/h1><\/div><\/div>[vc_empty_space height=&#8221;20px&#8221;][vc_single_image image=&#8221;11018&#8243; img_size=&#8221;full&#8221; alignment=&#8221;center&#8221;][vc_empty_space height=&#8221;20px&#8221;][vc_custom_heading text=&#8221;<b>Asistente administrativa de Elan capital<\/b>&#8221; font_container=&#8221;tag:h3|font_size:26|text_align:center&#8221; use_theme_fonts=&#8221;yes&#8221; custom_heading_enable_elem=&#8221;yes&#8221;][vc_column_text css=&#8221;.vc_custom_1635364730623{padding-top: 30px !important;padding-right: 10px !important;padding-bottom: 30px !important;padding-left: 10px !important;}&#8221;]<\/p>\n<p style=\"text-align: left;\">Es la persona a cargo de la administraci\u00f3n, operaci\u00f3n y control de todas las unidades de negocio de ELAN CAPITAL. Su gesti\u00f3n se resume en que la funcionalidad operativa del d\u00eda a d\u00eda est\u00e9 en perfecta sincron\u00eda; sus alcances abarcan desde aspectos legales, contables, operativos, administrativos, recursos humanos, hasta la asistencia en todo lo referente al negocio con los socios de la compa\u00f1\u00eda.<\/p>\n<p style=\"text-align: left;\">A pesar de su juventud; su car\u00e1cter, determinaci\u00f3n, biling\u00fcismo y ser una emprendedora empedernida, la convirtieron en el engranaje perfecto y la energ\u00eda juvenil dentro de este complejo negocio.<\/p>\n<p style=\"text-align: left;\">Valentina goza del dise\u00f1o interiores y disfruta viajar por el mundo retroaliment\u00e1ndose de nuevas culturas, dise\u00f1os, paisajes y tendencias.<\/p>\n<p>[\/vc_column_text][\/vc_column][\/vc_row]<\/p>\n","protected":false},"excerpt":{"rendered":"<p>[vc_row][vc_column css=&#8221;.vc_custom_1635364679921{padding-top: 190px !important;padding-bottom: 170px !important;padding-left: 70px !important;background: #f1f0f0 url(https:\/\/slimtemplate.net\/adamas-usa-import\/wp-content\/uploads\/sites\/3\/2017\/01\/Back-01-USA.png?id=10188) !important;background-position: center !important;background-repeat: no-repeat !important;background-size: cover !important;}&#8221; offset=&#8221;vc_col-lg-12 vc_hidden-xs&#8221;][vc_empty_space height=&#8221;20px&#8221;][vc_single_image image=&#8221;11018&#8243; img_size=&#8221;full&#8221; alignment=&#8221;center&#8221;][vc_empty_space height=&#8221;20px&#8221;][vc_custom_heading text=&#8221;Asistente administrativa de Elan capital&#8221; font_container=&#8221;tag:h3|font_size:26|text_align:center&#8221;&#8230;<\/p>\n","protected":false},"author":1,"featured_media":0,"parent":0,"menu_order":12,"comment_status":"closed","ping_status":"closed","template":"page-templates\/page-for-composer.php","meta":[],"yoast_head":"<!-- This site is optimized with the Yoast SEO plugin v18.3 - https:\/\/yoast.com\/wordpress\/plugins\/seo\/ -->\n<title>Valentina Olarte - Elan Capital<\/title>\n<meta name=\"description\" content=\"Es la persona a cargo de la administraci\u00f3n, operaci\u00f3n y control de todas las unidades de negocio de ELAN CAPITAL. Su gesti\u00f3n se resume en que la\" \/>\n<meta name=\"robots\" content=\"index, follow, max-snippet:-1, max-image-preview:large, max-video-preview:-1\" \/>\n<link rel=\"canonical\" href=\"http:\/\/elancapital.us\/es\/valentina-olarte\/\" \/>\n<meta property=\"og:locale\" content=\"es_ES\" \/>\n<meta property=\"og:type\" content=\"article\" \/>\n<meta property=\"og:title\" content=\"Valentina Olarte - Elan Capital\" \/>\n<meta property=\"og:description\" content=\"Es la persona a cargo de la administraci\u00f3n, operaci\u00f3n y control de todas las unidades de negocio de ELAN CAPITAL. Su gesti\u00f3n se resume en que la\" \/>\n<meta property=\"og:url\" content=\"http:\/\/elancapital.us\/es\/valentina-olarte\/\" \/>\n<meta property=\"og:site_name\" content=\"Elan Capital\" \/>\n<meta property=\"article:modified_time\" content=\"2021-10-27T20:00:28+00:00\" \/>\n<meta name=\"twitter:card\" content=\"summary_large_image\" \/>\n<meta name=\"twitter:label1\" content=\"Tiempo estimado de lectura\" \/>\n\t<meta name=\"twitter:data1\" content=\"3 minutos\" \/>\n<script type=\"application\/ld+json\" class=\"yoast-schema-graph\">{\"@context\":\"https:\/\/schema.org\",\"@graph\":[{\"@type\":\"WebSite\",\"@id\":\"http:\/\/elancapital.us\/es\/#website\",\"url\":\"http:\/\/elancapital.us\/es\/\",\"name\":\"Elan Capital\",\"description\":\"Inversiones Inteligentes\",\"potentialAction\":[{\"@type\":\"SearchAction\",\"target\":{\"@type\":\"EntryPoint\",\"urlTemplate\":\"http:\/\/elancapital.us\/es\/?s={search_term_string}\"},\"query-input\":\"required name=search_term_string\"}],\"inLanguage\":\"es-CO\"},{\"@type\":\"WebPage\",\"@id\":\"http:\/\/elancapital.us\/es\/valentina-olarte\/#webpage\",\"url\":\"http:\/\/elancapital.us\/es\/valentina-olarte\/\",\"name\":\"Valentina Olarte - Elan Capital\",\"isPartOf\":{\"@id\":\"http:\/\/elancapital.us\/es\/#website\"},\"datePublished\":\"2021-10-08T04:30:55+00:00\",\"dateModified\":\"2021-10-27T20:00:28+00:00\",\"description\":\"Es la persona a cargo de la administraci\u00f3n, operaci\u00f3n y control de todas las unidades de negocio de ELAN CAPITAL. Su gesti\u00f3n se resume en que la\",\"breadcrumb\":{\"@id\":\"http:\/\/elancapital.us\/es\/valentina-olarte\/#breadcrumb\"},\"inLanguage\":\"es-CO\",\"potentialAction\":[{\"@type\":\"ReadAction\",\"target\":[\"http:\/\/elancapital.us\/es\/valentina-olarte\/\"]}]},{\"@type\":\"BreadcrumbList\",\"@id\":\"http:\/\/elancapital.us\/es\/valentina-olarte\/#breadcrumb\",\"itemListElement\":[{\"@type\":\"ListItem\",\"position\":1,\"name\":\"Inicio\",\"item\":\"http:\/\/elancapital.us\/es\/\"},{\"@type\":\"ListItem\",\"position\":2,\"name\":\"Valentina Olarte\"}]}]}<\/script>\n<!-- \/ Yoast SEO plugin. -->","yoast_head_json":{"title":"Valentina Olarte - Elan Capital","description":"Es la persona a cargo de la administraci\u00f3n, operaci\u00f3n y control de todas las unidades de negocio de ELAN CAPITAL. Su gesti\u00f3n se resume en que la","robots":{"index":"index","follow":"follow","max-snippet":"max-snippet:-1","max-image-preview":"max-image-preview:large","max-video-preview":"max-video-preview:-1"},"canonical":"http:\/\/elancapital.us\/es\/valentina-olarte\/","og_locale":"es_ES","og_type":"article","og_title":"Valentina Olarte - Elan Capital","og_description":"Es la persona a cargo de la administraci\u00f3n, operaci\u00f3n y control de todas las unidades de negocio de ELAN CAPITAL. Su gesti\u00f3n se resume en que la","og_url":"http:\/\/elancapital.us\/es\/valentina-olarte\/","og_site_name":"Elan Capital","article_modified_time":"2021-10-27T20:00:28+00:00","twitter_card":"summary_large_image","twitter_misc":{"Tiempo estimado de lectura":"3 minutos"},"schema":{"@context":"https:\/\/schema.org","@graph":[{"@type":"WebSite","@id":"http:\/\/elancapital.us\/es\/#website","url":"http:\/\/elancapital.us\/es\/","name":"Elan Capital","description":"Inversiones Inteligentes","potentialAction":[{"@type":"SearchAction","target":{"@type":"EntryPoint","urlTemplate":"http:\/\/elancapital.us\/es\/?s={search_term_string}"},"query-input":"required name=search_term_string"}],"inLanguage":"es-CO"},{"@type":"WebPage","@id":"http:\/\/elancapital.us\/es\/valentina-olarte\/#webpage","url":"http:\/\/elancapital.us\/es\/valentina-olarte\/","name":"Valentina Olarte - Elan Capital","isPartOf":{"@id":"http:\/\/elancapital.us\/es\/#website"},"datePublished":"2021-10-08T04:30:55+00:00","dateModified":"2021-10-27T20:00:28+00:00","description":"Es la persona a cargo de la administraci\u00f3n, operaci\u00f3n y control de todas las unidades de negocio de ELAN CAPITAL. Su gesti\u00f3n se resume en que la","breadcrumb":{"@id":"http:\/\/elancapital.us\/es\/valentina-olarte\/#breadcrumb"},"inLanguage":"es-CO","potentialAction":[{"@type":"ReadAction","target":["http:\/\/elancapital.us\/es\/valentina-olarte\/"]}]},{"@type":"BreadcrumbList","@id":"http:\/\/elancapital.us\/es\/valentina-olarte\/#breadcrumb","itemListElement":[{"@type":"ListItem","position":1,"name":"Inicio","item":"http:\/\/elancapital.us\/es\/"},{"@type":"ListItem","position":2,"name":"Valentina Olarte"}]}]}},"_links":{"self":[{"href":"http:\/\/elancapital.us\/es\/wp-json\/wp\/v2\/pages\/11017"}],"collection":[{"href":"http:\/\/elancapital.us\/es\/wp-json\/wp\/v2\/pages"}],"about":[{"href":"http:\/\/elancapital.us\/es\/wp-json\/wp\/v2\/types\/page"}],"author":[{"embeddable":true,"href":"http:\/\/elancapital.us\/es\/wp-json\/wp\/v2\/users\/1"}],"replies":[{"embeddable":true,"href":"http:\/\/elancapital.us\/es\/wp-json\/wp\/v2\/comments?post=11017"}],"version-history":[{"count":4,"href":"http:\/\/elancapital.us\/es\/wp-json\/wp\/v2\/pages\/11017\/revisions"}],"predecessor-version":[{"id":11328,"href":"http:\/\/elancapital.us\/es\/wp-json\/wp\/v2\/pages\/11017\/revisions\/11328"}],"wp:attachment":[{"href":"http:\/\/elancapital.us\/es\/wp-json\/wp\/v2\/media?parent=11017"}],"curies":[{"name":"wp","href":"https:\/\/api.w.org\/{rel}","templated":true}]}}