{"id":10961,"date":"2021-10-07T20:00:03","date_gmt":"2021-10-08T01:00:03","guid":{"rendered":"http:\/\/elancapital.us\/es\/?page_id=10961"},"modified":"2021-12-29T13:54:05","modified_gmt":"2021-12-29T18:54:05","slug":"andres-duarte","status":"publish","type":"page","link":"http:\/\/elancapital.us\/es\/andres-duarte\/","title":{"rendered":"Andres Duarte"},"content":{"rendered":"<p>[vc_row][vc_column css=&#8221;.vc_custom_1640804043003{padding-top: 80px !important;padding-bottom: 170px !important;padding-left: 70px !important;background: #f1f0f0 url(https:\/\/slimtemplate.net\/adamas-usa-import\/wp-content\/uploads\/sites\/3\/2017\/01\/Back-01-USA.png?id=10188) !important;background-position: center !important;background-repeat: no-repeat !important;background-size: cover !important;}&#8221; offset=&#8221;vc_col-lg-12 vc_hidden-xs&#8221;]<div id=\"ultimate-heading-829069fea13906564\" class=\"uvc-heading ult-adjust-bottom-margin ultimate-heading-829069fea13906564 uvc-8955  enable-elem side h1\" data-hspacer=\"no_spacer\"  data-halign=\"left\" style=\"text-align:left;\"><div class=\"st-uvc-heading-bg-overlay\"  style=\"background:#232436;\"><\/div><i class=\"st-h-before\"><i><\/i><\/i><div class=\"uvc-heading-spacer no_spacer\" style=\"top\"><\/div><div class=\"uvc-main-heading ult-responsive\"  data-ultimate-target='.uvc-heading.ultimate-heading-829069fea13906564 h1'  data-responsive-json-new='{\"font-size\":\"desktop:50px;\",\"line-height\":\"\"}' ><h1 style=\"font-weight:bold;color:#ffffff;\">ANDR\u00c9S DUARTE<\/h1><\/div><\/div>[vc_empty_space height=&#8221;20px&#8221;][vc_single_image image=&#8221;11552&#8243; img_size=&#8221;full&#8221; alignment=&#8221;center&#8221;][vc_empty_space height=&#8221;20px&#8221;][vc_custom_heading text=&#8221;<b>CEO y Director Financiero de Elan Capital<\/b>&#8221; font_container=&#8221;tag:h3|font_size:26|text_align:center&#8221; use_theme_fonts=&#8221;yes&#8221; custom_heading_enable_elem=&#8221;yes&#8221;][vc_column_text css=&#8221;.vc_custom_1633656387886{padding-top: 50px !important;padding-right: 50px !important;padding-bottom: 50px !important;padding-left: 50px !important;}&#8221;]<\/p>\n<p style=\"text-align: center;\">Andr\u00e9s tiene m\u00e1s de quince a\u00f1os de experiencia en el sector financiero trabajando con algunas de las compa\u00f1\u00edas l\u00edderes en la industria.<\/p>\n<p style=\"text-align: center;\">Andr\u00e9s cuenta con las herramientas y cualidades necesarias para llevar a cabo an\u00e1lisis de inversi\u00f3n de alto nivel.<\/p>\n<p style=\"text-align: center;\">Se especializ\u00f3 en acciones y productos derivados mientras trabajaba para Lehman Brothers en la ciudad de Nueva York.<\/p>\n<p style=\"text-align: center;\">Es una persona que administra y comprende la cobertura de riesgos, la reducci\u00f3n de la exposici\u00f3n al mercado y la identificaci\u00f3n de productos rentables, entre muchos otros.<\/p>\n<p style=\"text-align: center;\">Mientras trabajaba con Barclays Wealth, en Nueva York, Andr\u00e9s se dedic\u00f3 a identificar y reconocer oportunidades de alto potencial de inversi\u00f3n y rentabilidad para personas de altos patrimonios ubicadas en Am\u00e9rica Latina, lo que le dio una alta exposici\u00f3n a una cantidad infinita de productos financieros.<\/p>\n<p style=\"text-align: center;\">En la actualidad, Andr\u00e9s administra cerca de $200 millones de d\u00f3lares en activos no apalancados para clientes en Centro y Sur America bajo su Compa\u00f1\u00eda Coatl Wealth. En busca de mejores rendimientos para sus inversiones y las de sus clientes; Emprendi\u00f3 la tarea como inversor en bienes ra\u00edces a trav\u00e9s de Elan Capital, que administra y controla propiedades en los Estados Unidos, enfoc\u00e1ndose en proyectos que generan flujos de efectivo atractivos.<\/p>\n<p style=\"text-align: center;\">Andr\u00e9s es licenciado en Administraci\u00f3n de Empresas con especializaci\u00f3n en Finanzas de la Universidad de Miami, Florida.<\/p>\n<p style=\"text-align: center;\">Actualmente reside con su esposa e hijos en el sur de la Florida. Disfruta de cursos de obst\u00e1culos y actividades al aire libre durante su tiempo libre.<\/p>\n<p>[\/vc_column_text][\/vc_column][\/vc_row][vc_row][vc_column css=&#8221;.vc_custom_1635363316675{padding-top: 30px !important;padding-right: 10px !important;padding-bottom: 30px !important;padding-left: 10px !important;background: #f1f0f0 url(https:\/\/slimtemplate.net\/adamas-usa-import\/wp-content\/uploads\/sites\/3\/2017\/01\/Back-01-USA.png?id=10188) !important;background-position: center !important;background-repeat: no-repeat !important;background-size: cover !important;}&#8221; offset=&#8221;vc_col-lg-12 vc_hidden-lg vc_hidden-md vc_hidden-sm&#8221;]<div id=\"ultimate-heading-398669fea139065ee\" class=\"uvc-heading ult-adjust-bottom-margin ultimate-heading-398669fea139065ee uvc-5912 peque\u00f1o enable-elem side h3\" data-hspacer=\"no_spacer\"  data-halign=\"left\" style=\"text-align:left;\"><div class=\"st-uvc-heading-bg-overlay\"  style=\"background:#232436;\"><\/div><i class=\"st-h-before\"><i><\/i><\/i><div class=\"uvc-heading-spacer no_spacer\" style=\"top\"><\/div><div class=\"uvc-main-heading ult-responsive\"  data-ultimate-target='.uvc-heading.ultimate-heading-398669fea139065ee h3'  data-responsive-json-new='{\"font-size\":\"desktop:28px;\",\"line-height\":\"\"}' ><h3 style=\"font-weight:bold;color:#ffffff;\">ANDR\u00c9S DUARTE<\/h3><\/div><\/div>[vc_empty_space height=&#8221;20px&#8221;][vc_single_image image=&#8221;11552&#8243; img_size=&#8221;full&#8221; alignment=&#8221;center&#8221;][vc_empty_space height=&#8221;20px&#8221;][vc_custom_heading text=&#8221;<b>CEO y fundador de Elan Capital<\/b>&#8221; font_container=&#8221;tag:h3|font_size:26|text_align:center&#8221; use_theme_fonts=&#8221;yes&#8221; custom_heading_enable_elem=&#8221;yes&#8221;][vc_column_text css=&#8221;.vc_custom_1635363861271{padding-top: 28px !important;padding-right: 10px !important;padding-bottom: 50px !important;padding-left: 10px !important;}&#8221;]<\/p>\n<p style=\"text-align: left;\">Andr\u00e9s tiene m\u00e1s de quince a\u00f1os de experiencia en el sector financiero trabajando con algunas de las compa\u00f1\u00edas l\u00edderes en la industria.<\/p>\n<p style=\"text-align: left;\">Andr\u00e9s cuenta con las herramientas y cualidades necesarias para llevar a cabo an\u00e1lisis de inversi\u00f3n de alto nivel.<\/p>\n<p style=\"text-align: left;\">Se especializ\u00f3 en acciones y productos derivados mientras trabajaba para Lehman Brothers en la ciudad de Nueva York.<\/p>\n<p style=\"text-align: left;\">Es una persona que administra y comprende la cobertura de riesgos, la reducci\u00f3n de la exposici\u00f3n al mercado y la identificaci\u00f3n de productos rentables, entre muchos otros.<\/p>\n<p style=\"text-align: left;\">Mientras trabajaba con Barclays Wealth, en Nueva York, Andr\u00e9s se dedic\u00f3 a identificar y reconocer oportunidades de alto potencial de inversi\u00f3n y rentabilidad para personas de altos patrimonios ubicadas en Am\u00e9rica Latina, lo que le dio una alta exposici\u00f3n a una cantidad infinita de productos financieros.<\/p>\n<p style=\"text-align: left;\">En la actualidad, Andr\u00e9s administra cerca de $200 millones de d\u00f3lares en activos no apalancados para clientes en Centro y Sur America bajo su Compa\u00f1\u00eda Coatl Wealth. En busca de mejores rendimientos para sus inversiones y las de sus clientes; Emprendi\u00f3 la tarea como inversor en bienes ra\u00edces a trav\u00e9s de Elan Capital, que administra y controla propiedades en los Estados Unidos, enfoc\u00e1ndose en proyectos que generan flujos de efectivo atractivos.<\/p>\n<p style=\"text-align: left;\">Andr\u00e9s es licenciado en Administraci\u00f3n de Empresas con especializaci\u00f3n en Finanzas de la Universidad de Miami, Florida.<\/p>\n<p style=\"text-align: left;\">Actualmente reside con su esposa e hijos en el sur de la Florida. Disfruta de cursos de obst\u00e1culos y actividades al aire libre durante su tiempo libre.<\/p>\n<p>[\/vc_column_text][\/vc_column][\/vc_row]<\/p>\n","protected":false},"excerpt":{"rendered":"<p>[vc_row][vc_column css=&#8221;.vc_custom_1640804043003{padding-top: 80px !important;padding-bottom: 170px !important;padding-left: 70px !important;background: #f1f0f0 url(https:\/\/slimtemplate.net\/adamas-usa-import\/wp-content\/uploads\/sites\/3\/2017\/01\/Back-01-USA.png?id=10188) !important;background-position: center !important;background-repeat: no-repeat !important;background-size: cover !important;}&#8221; offset=&#8221;vc_col-lg-12 vc_hidden-xs&#8221;][vc_empty_space height=&#8221;20px&#8221;][vc_single_image image=&#8221;11552&#8243; img_size=&#8221;full&#8221; alignment=&#8221;center&#8221;][vc_empty_space height=&#8221;20px&#8221;][vc_custom_heading text=&#8221;CEO y Director Financiero de Elan&#8230;<\/p>\n","protected":false},"author":1,"featured_media":0,"parent":0,"menu_order":12,"comment_status":"closed","ping_status":"closed","template":"page-templates\/page-for-composer.php","meta":[],"yoast_head":"<!-- This site is optimized with the Yoast SEO plugin v18.3 - https:\/\/yoast.com\/wordpress\/plugins\/seo\/ -->\n<title>Andres Duarte - Elan Capital<\/title>\n<meta name=\"description\" content=\"Andr\u00e9s tiene m\u00e1s de quince a\u00f1os de experiencia en el sector financiero trabajando con algunas de las compa\u00f1\u00edas l\u00edderes en la industria. Andr\u00e9s cuenta con\" \/>\n<meta name=\"robots\" content=\"index, follow, max-snippet:-1, max-image-preview:large, max-video-preview:-1\" \/>\n<link rel=\"canonical\" href=\"http:\/\/elancapital.us\/es\/andres-duarte\/\" \/>\n<meta property=\"og:locale\" content=\"es_ES\" \/>\n<meta property=\"og:type\" content=\"article\" \/>\n<meta property=\"og:title\" content=\"Andres Duarte - Elan Capital\" \/>\n<meta property=\"og:description\" content=\"Andr\u00e9s tiene m\u00e1s de quince a\u00f1os de experiencia en el sector financiero trabajando con algunas de las compa\u00f1\u00edas l\u00edderes en la industria. Andr\u00e9s cuenta con\" \/>\n<meta property=\"og:url\" content=\"http:\/\/elancapital.us\/es\/andres-duarte\/\" \/>\n<meta property=\"og:site_name\" content=\"Elan Capital\" \/>\n<meta property=\"article:modified_time\" content=\"2021-12-29T18:54:05+00:00\" \/>\n<meta name=\"twitter:card\" content=\"summary_large_image\" \/>\n<meta name=\"twitter:label1\" content=\"Tiempo estimado de lectura\" \/>\n\t<meta name=\"twitter:data1\" content=\"4 minutos\" \/>\n<script type=\"application\/ld+json\" class=\"yoast-schema-graph\">{\"@context\":\"https:\/\/schema.org\",\"@graph\":[{\"@type\":\"WebSite\",\"@id\":\"http:\/\/elancapital.us\/es\/#website\",\"url\":\"http:\/\/elancapital.us\/es\/\",\"name\":\"Elan Capital\",\"description\":\"Inversiones Inteligentes\",\"potentialAction\":[{\"@type\":\"SearchAction\",\"target\":{\"@type\":\"EntryPoint\",\"urlTemplate\":\"http:\/\/elancapital.us\/es\/?s={search_term_string}\"},\"query-input\":\"required name=search_term_string\"}],\"inLanguage\":\"es-CO\"},{\"@type\":\"WebPage\",\"@id\":\"http:\/\/elancapital.us\/es\/andres-duarte\/#webpage\",\"url\":\"http:\/\/elancapital.us\/es\/andres-duarte\/\",\"name\":\"Andres Duarte - Elan Capital\",\"isPartOf\":{\"@id\":\"http:\/\/elancapital.us\/es\/#website\"},\"datePublished\":\"2021-10-08T01:00:03+00:00\",\"dateModified\":\"2021-12-29T18:54:05+00:00\",\"description\":\"Andr\u00e9s tiene m\u00e1s de quince a\u00f1os de experiencia en el sector financiero trabajando con algunas de las compa\u00f1\u00edas l\u00edderes en la industria. Andr\u00e9s cuenta con\",\"breadcrumb\":{\"@id\":\"http:\/\/elancapital.us\/es\/andres-duarte\/#breadcrumb\"},\"inLanguage\":\"es-CO\",\"potentialAction\":[{\"@type\":\"ReadAction\",\"target\":[\"http:\/\/elancapital.us\/es\/andres-duarte\/\"]}]},{\"@type\":\"BreadcrumbList\",\"@id\":\"http:\/\/elancapital.us\/es\/andres-duarte\/#breadcrumb\",\"itemListElement\":[{\"@type\":\"ListItem\",\"position\":1,\"name\":\"Inicio\",\"item\":\"http:\/\/elancapital.us\/es\/\"},{\"@type\":\"ListItem\",\"position\":2,\"name\":\"Andres Duarte\"}]}]}<\/script>\n<!-- \/ Yoast SEO plugin. -->","yoast_head_json":{"title":"Andres Duarte - Elan Capital","description":"Andr\u00e9s tiene m\u00e1s de quince a\u00f1os de experiencia en el sector financiero trabajando con algunas de las compa\u00f1\u00edas l\u00edderes en la industria. Andr\u00e9s cuenta con","robots":{"index":"index","follow":"follow","max-snippet":"max-snippet:-1","max-image-preview":"max-image-preview:large","max-video-preview":"max-video-preview:-1"},"canonical":"http:\/\/elancapital.us\/es\/andres-duarte\/","og_locale":"es_ES","og_type":"article","og_title":"Andres Duarte - Elan Capital","og_description":"Andr\u00e9s tiene m\u00e1s de quince a\u00f1os de experiencia en el sector financiero trabajando con algunas de las compa\u00f1\u00edas l\u00edderes en la industria. Andr\u00e9s cuenta con","og_url":"http:\/\/elancapital.us\/es\/andres-duarte\/","og_site_name":"Elan Capital","article_modified_time":"2021-12-29T18:54:05+00:00","twitter_card":"summary_large_image","twitter_misc":{"Tiempo estimado de lectura":"4 minutos"},"schema":{"@context":"https:\/\/schema.org","@graph":[{"@type":"WebSite","@id":"http:\/\/elancapital.us\/es\/#website","url":"http:\/\/elancapital.us\/es\/","name":"Elan Capital","description":"Inversiones Inteligentes","potentialAction":[{"@type":"SearchAction","target":{"@type":"EntryPoint","urlTemplate":"http:\/\/elancapital.us\/es\/?s={search_term_string}"},"query-input":"required name=search_term_string"}],"inLanguage":"es-CO"},{"@type":"WebPage","@id":"http:\/\/elancapital.us\/es\/andres-duarte\/#webpage","url":"http:\/\/elancapital.us\/es\/andres-duarte\/","name":"Andres Duarte - Elan Capital","isPartOf":{"@id":"http:\/\/elancapital.us\/es\/#website"},"datePublished":"2021-10-08T01:00:03+00:00","dateModified":"2021-12-29T18:54:05+00:00","description":"Andr\u00e9s tiene m\u00e1s de quince a\u00f1os de experiencia en el sector financiero trabajando con algunas de las compa\u00f1\u00edas l\u00edderes en la industria. Andr\u00e9s cuenta con","breadcrumb":{"@id":"http:\/\/elancapital.us\/es\/andres-duarte\/#breadcrumb"},"inLanguage":"es-CO","potentialAction":[{"@type":"ReadAction","target":["http:\/\/elancapital.us\/es\/andres-duarte\/"]}]},{"@type":"BreadcrumbList","@id":"http:\/\/elancapital.us\/es\/andres-duarte\/#breadcrumb","itemListElement":[{"@type":"ListItem","position":1,"name":"Inicio","item":"http:\/\/elancapital.us\/es\/"},{"@type":"ListItem","position":2,"name":"Andres Duarte"}]}]}},"_links":{"self":[{"href":"http:\/\/elancapital.us\/es\/wp-json\/wp\/v2\/pages\/10961"}],"collection":[{"href":"http:\/\/elancapital.us\/es\/wp-json\/wp\/v2\/pages"}],"about":[{"href":"http:\/\/elancapital.us\/es\/wp-json\/wp\/v2\/types\/page"}],"author":[{"embeddable":true,"href":"http:\/\/elancapital.us\/es\/wp-json\/wp\/v2\/users\/1"}],"replies":[{"embeddable":true,"href":"http:\/\/elancapital.us\/es\/wp-json\/wp\/v2\/comments?post=10961"}],"version-history":[{"count":38,"href":"http:\/\/elancapital.us\/es\/wp-json\/wp\/v2\/pages\/10961\/revisions"}],"predecessor-version":[{"id":11554,"href":"http:\/\/elancapital.us\/es\/wp-json\/wp\/v2\/pages\/10961\/revisions\/11554"}],"wp:attachment":[{"href":"http:\/\/elancapital.us\/es\/wp-json\/wp\/v2\/media?parent=10961"}],"curies":[{"name":"wp","href":"https:\/\/api.w.org\/{rel}","templated":true}]}}